{"id":1434,"date":"2025-04-10T14:45:00","date_gmt":"2025-04-10T12:45:00","guid":{"rendered":"https:\/\/entreidiomas.englody.com\/?page_id=1434"},"modified":"2025-06-06T15:10:21","modified_gmt":"2025-06-06T13:10:21","slug":"cursos-de-verano","status":"publish","type":"page","link":"https:\/\/slentreidiomas.com\/en\/cursos-de-verano\/","title":{"rendered":"Cursos de verano en Jumilla"},"content":{"rendered":"<div data-elementor-type=\"wp-page\" data-elementor-id=\"1434\" class=\"elementor elementor-1434\" data-elementor-post-type=\"page\">\n\t\t\t\t<div class=\"elementor-element elementor-element-ccbc340 e-flex e-con-boxed e-con e-parent\" data-id=\"ccbc340\" data-element_type=\"container\">\n\t\t\t\t\t<div class=\"e-con-inner\">\n\t\t<div class=\"elementor-element elementor-element-7eded27 e-con-full e-flex elementor-invisible e-con e-child\" data-id=\"7eded27\" data-element_type=\"container\" data-settings=\"{&quot;animation&quot;:&quot;slideInUp&quot;}\">\n\t\t\t\t<div class=\"elementor-element elementor-element-afac723 e-transform elementor-widget elementor-widget-image\" data-id=\"afac723\" data-element_type=\"widget\" data-settings=\"{&quot;_transform_scale_effect&quot;:{&quot;unit&quot;:&quot;px&quot;,&quot;size&quot;:1.2,&quot;sizes&quot;:[]},&quot;_transform_scale_effect_tablet&quot;:{&quot;unit&quot;:&quot;px&quot;,&quot;size&quot;:1.1,&quot;sizes&quot;:[]},&quot;_transform_scale_effect_mobile&quot;:{&quot;unit&quot;:&quot;px&quot;,&quot;size&quot;:1,&quot;sizes&quot;:[]}}\" data-widget_type=\"image.default\">\n\t\t\t\t<div class=\"elementor-widget-container\">\n\t\t\t\t\t\t\t\t\t\t\t\t\t\t\t<img fetchpriority=\"high\" decoding=\"async\" width=\"800\" height=\"534\" src=\"https:\/\/slentreidiomas.com\/wp-content\/uploads\/2025\/04\/intensivos-1024x683.webp\" class=\"attachment-large size-large wp-image-1483\" alt=\"\" srcset=\"https:\/\/slentreidiomas.com\/wp-content\/uploads\/2025\/04\/intensivos-1024x683.webp 1024w, https:\/\/slentreidiomas.com\/wp-content\/uploads\/2025\/04\/intensivos-300x200.webp 300w, https:\/\/slentreidiomas.com\/wp-content\/uploads\/2025\/04\/intensivos-768x512.webp 768w, https:\/\/slentreidiomas.com\/wp-content\/uploads\/2025\/04\/intensivos-1536x1025.webp 1536w, https:\/\/slentreidiomas.com\/wp-content\/uploads\/2025\/04\/intensivos-18x12.webp 18w, https:\/\/slentreidiomas.com\/wp-content\/uploads\/2025\/04\/intensivos-600x400.webp 600w, https:\/\/slentreidiomas.com\/wp-content\/uploads\/2025\/04\/intensivos.webp 1920w\" sizes=\"(max-width: 800px) 100vw, 800px\" \/>\t\t\t\t\t\t\t\t\t\t\t\t\t\t\t<\/div>\n\t\t\t\t<\/div>\n\t\t\t\t<\/div>\n\t\t<div class=\"elementor-element elementor-element-66a0416 e-con-full e-flex elementor-invisible e-con e-child\" data-id=\"66a0416\" data-element_type=\"container\" data-settings=\"{&quot;animation&quot;:&quot;slideInRight&quot;}\">\n\t\t\t\t<div class=\"elementor-element elementor-element-272ee9d elementor-widget elementor-widget-heading\" data-id=\"272ee9d\" data-element_type=\"widget\" data-widget_type=\"heading.default\">\n\t\t\t\t<div class=\"elementor-widget-container\">\n\t\t\t\t\t<span class=\"elementor-heading-title elementor-size-default\">A2 \u2013 C1<\/span>\t\t\t\t<\/div>\n\t\t\t\t<\/div>\n\t\t\t\t<div class=\"elementor-element elementor-element-9c84fdb elementor-widget elementor-widget-heading\" data-id=\"9c84fdb\" data-element_type=\"widget\" data-widget_type=\"heading.default\">\n\t\t\t\t<div class=\"elementor-widget-container\">\n\t\t\t\t\t<h2 class=\"elementor-heading-title elementor-size-default\">Intensivos de ingl\u00e9s<\/h2>\t\t\t\t<\/div>\n\t\t\t\t<\/div>\n\t\t\t\t<div class=\"elementor-element elementor-element-3aaaa2e elementor-widget elementor-widget-text-editor\" data-id=\"3aaaa2e\" data-element_type=\"widget\" data-widget_type=\"text-editor.default\">\n\t\t\t\t<div class=\"elementor-widget-container\">\n\t\t\t\t\t\t\t\t\t<p class=\"p1\">Este curso te permitir\u00e1 avanzar r\u00e1pidamente en tu nivel de ingl\u00e9s. \u00a1Prep\u00e1rate para alcanzar tus objetivos en tiempo r\u00e9cord!<\/p>\t\t\t\t\t\t\t\t<\/div>\n\t\t\t\t<\/div>\n\t\t\t\t<div class=\"elementor-element elementor-element-aea854b elementor-icon-list--layout-traditional elementor-list-item-link-full_width elementor-widget elementor-widget-icon-list\" data-id=\"aea854b\" data-element_type=\"widget\" data-widget_type=\"icon-list.default\">\n\t\t\t\t<div class=\"elementor-widget-container\">\n\t\t\t\t\t\t\t<ul class=\"elementor-icon-list-items\">\n\t\t\t\t\t\t\t<li class=\"elementor-icon-list-item\">\n\t\t\t\t\t\t\t\t\t\t\t<span class=\"elementor-icon-list-icon\">\n\t\t\t\t\t\t\t<i aria-hidden=\"true\" class=\"fas fa-check\"><\/i>\t\t\t\t\t\t<\/span>\n\t\t\t\t\t\t\t\t\t\t<span class=\"elementor-icon-list-text\">Dos certificaciones: Cambridge y LanguageCert<\/span>\n\t\t\t\t\t\t\t\t\t<\/li>\n\t\t\t\t\t\t\t\t<li class=\"elementor-icon-list-item\">\n\t\t\t\t\t\t\t\t\t\t\t<span class=\"elementor-icon-list-icon\">\n\t\t\t\t\t\t\t<i aria-hidden=\"true\" class=\"fas fa-check\"><\/i>\t\t\t\t\t\t<\/span>\n\t\t\t\t\t\t\t\t\t\t<span class=\"elementor-icon-list-text\">Posibilidad de examinarse al terminar el intensivo<\/span>\n\t\t\t\t\t\t\t\t\t<\/li>\n\t\t\t\t\t\t\t\t<li class=\"elementor-icon-list-item\">\n\t\t\t\t\t\t\t\t\t\t\t<span class=\"elementor-icon-list-icon\">\n\t\t\t\t\t\t\t<i aria-hidden=\"true\" class=\"fas fa-check\"><\/i>\t\t\t\t\t\t<\/span>\n\t\t\t\t\t\t\t\t\t\t<span class=\"elementor-icon-list-text\">Equivalen a 5 meses de curso anual<\/span>\n\t\t\t\t\t\t\t\t\t<\/li>\n\t\t\t\t\t\t\t\t<li class=\"elementor-icon-list-item\">\n\t\t\t\t\t\t\t\t\t\t\t<span class=\"elementor-icon-list-icon\">\n\t\t\t\t\t\t\t<i aria-hidden=\"true\" class=\"fas fa-check\"><\/i>\t\t\t\t\t\t<\/span>\n\t\t\t\t\t\t\t\t\t\t<span class=\"elementor-icon-list-text\">Small groups<\/span>\n\t\t\t\t\t\t\t\t\t<\/li>\n\t\t\t\t\t\t<\/ul>\n\t\t\t\t\t\t<\/div>\n\t\t\t\t<\/div>\n\t\t\t\t<\/div>\n\t\t\t\t\t<\/div>\n\t\t\t\t<\/div>\n\t\t<div class=\"elementor-element elementor-element-abbece8 e-flex e-con-boxed e-con e-parent\" data-id=\"abbece8\" data-element_type=\"container\">\n\t\t\t\t\t<div class=\"e-con-inner\">\n\t\t<div class=\"elementor-element elementor-element-08190fe e-con-full e-flex elementor-invisible e-con e-child\" data-id=\"08190fe\" data-element_type=\"container\" data-settings=\"{&quot;animation&quot;:&quot;slideInLeft&quot;}\">\n\t\t\t\t<div class=\"elementor-element elementor-element-195605f elementor-widget elementor-widget-heading\" data-id=\"195605f\" data-element_type=\"widget\" data-widget_type=\"heading.default\">\n\t\t\t\t<div class=\"elementor-widget-container\">\n\t\t\t\t\t<h2 class=\"elementor-heading-title elementor-size-default\">Escuela de verano<\/h2>\t\t\t\t<\/div>\n\t\t\t\t<\/div>\n\t\t\t\t<div class=\"elementor-element elementor-element-5f002da elementor-widget elementor-widget-heading\" data-id=\"5f002da\" data-element_type=\"widget\" data-widget_type=\"heading.default\">\n\t\t\t\t<div class=\"elementor-widget-container\">\n\t\t\t\t\t<p class=\"elementor-heading-title elementor-size-default\">Summer Funland:<br \/> A Magical English Adventure!<\/p>\t\t\t\t<\/div>\n\t\t\t\t<\/div>\n\t\t\t\t<div class=\"elementor-element elementor-element-388707d elementor-widget elementor-widget-text-editor\" data-id=\"388707d\" data-element_type=\"widget\" data-widget_type=\"text-editor.default\">\n\t\t\t\t<div class=\"elementor-widget-container\">\n\t\t\t\t\t\t\t\t\t<p class=\"p1\">Este curso combina aprendizaje de ingl\u00e9s con diversi\u00f3n, permitiendo que los ni\u00f1os aprendan mientras juegan. Adem\u00e1s, disfrutar\u00e1n de excursiones que har\u00e1n la experiencia a\u00fan m\u00e1s m\u00e1gica. \u00a1Un verano lleno de aventuras y aprendizaje!<\/p>\t\t\t\t\t\t\t\t<\/div>\n\t\t\t\t<\/div>\n\t\t\t\t<div class=\"elementor-element elementor-element-e1c9ef2 elementor-icon-list--layout-traditional elementor-list-item-link-full_width elementor-widget elementor-widget-icon-list\" data-id=\"e1c9ef2\" data-element_type=\"widget\" data-widget_type=\"icon-list.default\">\n\t\t\t\t<div class=\"elementor-widget-container\">\n\t\t\t\t\t\t\t<ul class=\"elementor-icon-list-items\">\n\t\t\t\t\t\t\t<li class=\"elementor-icon-list-item\">\n\t\t\t\t\t\t\t\t\t\t\t<span class=\"elementor-icon-list-icon\">\n\t\t\t\t\t\t\t<i aria-hidden=\"true\" class=\"fas fa-check\"><\/i>\t\t\t\t\t\t<\/span>\n\t\t\t\t\t\t\t\t\t\t<span class=\"elementor-icon-list-text\">De 3 a 8 a\u00f1os<\/span>\n\t\t\t\t\t\t\t\t\t<\/li>\n\t\t\t\t\t\t\t\t<li class=\"elementor-icon-list-item\">\n\t\t\t\t\t\t\t\t\t\t\t<span class=\"elementor-icon-list-icon\">\n\t\t\t\t\t\t\t<i aria-hidden=\"true\" class=\"fas fa-check\"><\/i>\t\t\t\t\t\t<\/span>\n\t\t\t\t\t\t\t\t\t\t<span class=\"elementor-icon-list-text\">Aprenden ingl\u00e9s jugando<\/span>\n\t\t\t\t\t\t\t\t\t<\/li>\n\t\t\t\t\t\t\t\t<li class=\"elementor-icon-list-item\">\n\t\t\t\t\t\t\t\t\t\t\t<span class=\"elementor-icon-list-icon\">\n\t\t\t\t\t\t\t<i aria-hidden=\"true\" class=\"fas fa-check\"><\/i>\t\t\t\t\t\t<\/span>\n\t\t\t\t\t\t\t\t\t\t<span class=\"elementor-icon-list-text\">Manualidades, juegos y actividades divertidas<\/span>\n\t\t\t\t\t\t\t\t\t<\/li>\n\t\t\t\t\t\t\t\t<li class=\"elementor-icon-list-item\">\n\t\t\t\t\t\t\t\t\t\t\t<span class=\"elementor-icon-list-icon\">\n\t\t\t\t\t\t\t<i aria-hidden=\"true\" class=\"fas fa-check\"><\/i>\t\t\t\t\t\t<\/span>\n\t\t\t\t\t\t\t\t\t\t<span class=\"elementor-icon-list-text\">Excursiones por Jumilla<\/span>\n\t\t\t\t\t\t\t\t\t<\/li>\n\t\t\t\t\t\t<\/ul>\n\t\t\t\t\t\t<\/div>\n\t\t\t\t<\/div>\n\t\t\t\t<\/div>\n\t\t<div class=\"elementor-element elementor-element-20d0c6e e-con-full e-flex elementor-invisible e-con e-child\" data-id=\"20d0c6e\" data-element_type=\"container\" data-settings=\"{&quot;animation&quot;:&quot;slideInRight&quot;}\">\n\t\t\t\t<div class=\"elementor-element elementor-element-ded716a e-transform elementor-widget elementor-widget-image\" data-id=\"ded716a\" data-element_type=\"widget\" data-settings=\"{&quot;_transform_scale_effect&quot;:{&quot;unit&quot;:&quot;px&quot;,&quot;size&quot;:1.2,&quot;sizes&quot;:[]},&quot;_transform_scale_effect_tablet&quot;:{&quot;unit&quot;:&quot;px&quot;,&quot;size&quot;:1.1,&quot;sizes&quot;:[]},&quot;_transform_scale_effect_mobile&quot;:{&quot;unit&quot;:&quot;px&quot;,&quot;size&quot;:1,&quot;sizes&quot;:[]}}\" data-widget_type=\"image.default\">\n\t\t\t\t<div class=\"elementor-widget-container\">\n\t\t\t\t\t\t\t\t\t\t\t\t\t\t\t<img decoding=\"async\" width=\"800\" height=\"534\" src=\"https:\/\/slentreidiomas.com\/wp-content\/uploads\/2025\/04\/summer-funland-1024x683.webp\" class=\"attachment-large size-large wp-image-1484\" alt=\"\" srcset=\"https:\/\/slentreidiomas.com\/wp-content\/uploads\/2025\/04\/summer-funland-1024x683.webp 1024w, https:\/\/slentreidiomas.com\/wp-content\/uploads\/2025\/04\/summer-funland-300x200.webp 300w, https:\/\/slentreidiomas.com\/wp-content\/uploads\/2025\/04\/summer-funland-768x512.webp 768w, https:\/\/slentreidiomas.com\/wp-content\/uploads\/2025\/04\/summer-funland-1536x1024.webp 1536w, https:\/\/slentreidiomas.com\/wp-content\/uploads\/2025\/04\/summer-funland-18x12.webp 18w, https:\/\/slentreidiomas.com\/wp-content\/uploads\/2025\/04\/summer-funland-600x400.webp 600w, https:\/\/slentreidiomas.com\/wp-content\/uploads\/2025\/04\/summer-funland.webp 1920w\" sizes=\"(max-width: 800px) 100vw, 800px\" \/>\t\t\t\t\t\t\t\t\t\t\t\t\t\t\t<\/div>\n\t\t\t\t<\/div>\n\t\t\t\t<\/div>\n\t\t\t\t\t<\/div>\n\t\t\t\t<\/div>\n\t\t<div class=\"elementor-element elementor-element-368d617 e-flex e-con-boxed e-con e-parent\" data-id=\"368d617\" data-element_type=\"container\">\n\t\t\t\t\t<div class=\"e-con-inner\">\n\t\t<div class=\"elementor-element elementor-element-178441a e-con-full e-flex elementor-invisible e-con e-child\" data-id=\"178441a\" data-element_type=\"container\" data-settings=\"{&quot;animation&quot;:&quot;slideInUp&quot;}\">\n\t\t\t\t<div class=\"elementor-element elementor-element-664ff68 e-transform elementor-widget elementor-widget-image\" data-id=\"664ff68\" data-element_type=\"widget\" data-settings=\"{&quot;_transform_scale_effect&quot;:{&quot;unit&quot;:&quot;px&quot;,&quot;size&quot;:1.2,&quot;sizes&quot;:[]},&quot;_transform_scale_effect_tablet&quot;:{&quot;unit&quot;:&quot;px&quot;,&quot;size&quot;:1.1,&quot;sizes&quot;:[]},&quot;_transform_scale_effect_mobile&quot;:{&quot;unit&quot;:&quot;px&quot;,&quot;size&quot;:1,&quot;sizes&quot;:[]}}\" data-widget_type=\"image.default\">\n\t\t\t\t<div class=\"elementor-widget-container\">\n\t\t\t\t\t\t\t\t\t\t\t\t\t\t\t<img decoding=\"async\" width=\"800\" height=\"534\" src=\"https:\/\/slentreidiomas.com\/wp-content\/uploads\/2025\/04\/refuerzo-1024x683.webp\" class=\"attachment-large size-large wp-image-1486\" alt=\"\" srcset=\"https:\/\/slentreidiomas.com\/wp-content\/uploads\/2025\/04\/refuerzo-1024x683.webp 1024w, https:\/\/slentreidiomas.com\/wp-content\/uploads\/2025\/04\/refuerzo-300x200.webp 300w, https:\/\/slentreidiomas.com\/wp-content\/uploads\/2025\/04\/refuerzo-768x512.webp 768w, https:\/\/slentreidiomas.com\/wp-content\/uploads\/2025\/04\/refuerzo-1536x1024.webp 1536w, https:\/\/slentreidiomas.com\/wp-content\/uploads\/2025\/04\/refuerzo-18x12.webp 18w, https:\/\/slentreidiomas.com\/wp-content\/uploads\/2025\/04\/refuerzo-600x400.webp 600w, https:\/\/slentreidiomas.com\/wp-content\/uploads\/2025\/04\/refuerzo.webp 1920w\" sizes=\"(max-width: 800px) 100vw, 800px\" \/>\t\t\t\t\t\t\t\t\t\t\t\t\t\t\t<\/div>\n\t\t\t\t<\/div>\n\t\t\t\t<\/div>\n\t\t<div class=\"elementor-element elementor-element-a5a2efa e-con-full e-flex elementor-invisible e-con e-child\" data-id=\"a5a2efa\" data-element_type=\"container\" data-settings=\"{&quot;animation&quot;:&quot;slideInRight&quot;}\">\n\t\t\t\t<div class=\"elementor-element elementor-element-b518be6 elementor-widget elementor-widget-heading\" data-id=\"b518be6\" data-element_type=\"widget\" data-widget_type=\"heading.default\">\n\t\t\t\t<div class=\"elementor-widget-container\">\n\t\t\t\t\t<h2 class=\"elementor-heading-title elementor-size-default\">Clases de refuerzo en ingl\u00e9s<\/h2>\t\t\t\t<\/div>\n\t\t\t\t<\/div>\n\t\t\t\t<div class=\"elementor-element elementor-element-0dd0a53 elementor-widget elementor-widget-text-editor\" data-id=\"0dd0a53\" data-element_type=\"widget\" data-widget_type=\"text-editor.default\">\n\t\t\t\t<div class=\"elementor-widget-container\">\n\t\t\t\t\t\t\t\t\t<p class=\"p1\">Ofrecemos apoyo en ingl\u00e9s acad\u00e9mico para que personalices tu aprendizaje y alcances tus objetivos acad\u00e9micos con clases adaptadas a tus necesidades.<\/p>\t\t\t\t\t\t\t\t<\/div>\n\t\t\t\t<\/div>\n\t\t\t\t<div class=\"elementor-element elementor-element-f275dc9 elementor-icon-list--layout-traditional elementor-list-item-link-full_width elementor-widget elementor-widget-icon-list\" data-id=\"f275dc9\" data-element_type=\"widget\" data-widget_type=\"icon-list.default\">\n\t\t\t\t<div class=\"elementor-widget-container\">\n\t\t\t\t\t\t\t<ul class=\"elementor-icon-list-items\">\n\t\t\t\t\t\t\t<li class=\"elementor-icon-list-item\">\n\t\t\t\t\t\t\t\t\t\t\t<span class=\"elementor-icon-list-icon\">\n\t\t\t\t\t\t\t<i aria-hidden=\"true\" class=\"fas fa-check\"><\/i>\t\t\t\t\t\t<\/span>\n\t\t\t\t\t\t\t\t\t\t<span class=\"elementor-icon-list-text\">Para ESO y Bachillerato<\/span>\n\t\t\t\t\t\t\t\t\t<\/li>\n\t\t\t\t\t\t\t\t<li class=\"elementor-icon-list-item\">\n\t\t\t\t\t\t\t\t\t\t\t<span class=\"elementor-icon-list-icon\">\n\t\t\t\t\t\t\t<i aria-hidden=\"true\" class=\"fas fa-check\"><\/i>\t\t\t\t\t\t<\/span>\n\t\t\t\t\t\t\t\t\t\t<span class=\"elementor-icon-list-text\">Apoyo en ingl\u00e9s acad\u00e9mico<\/span>\n\t\t\t\t\t\t\t\t\t<\/li>\n\t\t\t\t\t\t\t\t<li class=\"elementor-icon-list-item\">\n\t\t\t\t\t\t\t\t\t\t\t<span class=\"elementor-icon-list-icon\">\n\t\t\t\t\t\t\t<i aria-hidden=\"true\" class=\"fas fa-check\"><\/i>\t\t\t\t\t\t<\/span>\n\t\t\t\t\t\t\t\t\t\t<span class=\"elementor-icon-list-text\">Recuperaciones y mejora de notas<\/span>\n\t\t\t\t\t\t\t\t\t<\/li>\n\t\t\t\t\t\t<\/ul>\n\t\t\t\t\t\t<\/div>\n\t\t\t\t<\/div>\n\t\t\t\t<\/div>\n\t\t\t\t\t<\/div>\n\t\t\t\t<\/div>\n\t\t\t\t<\/div>","protected":false},"excerpt":{"rendered":"<p>Todos los cursos se llevan a cabo durante el mes de julio en nuestra Academia de Jumilla, ofreciendo una experiencia intensa y enfocada en el aprendizaje. Las plazas son limitadas para garantizar atenci\u00f3n personalizada y grupos reducidos, as\u00ed que no pierdas la oportunidad de asegurar tu lugar. \u00a1Inscr\u00edbete cuanto antes!<\/p>","protected":false},"author":2,"featured_media":1474,"parent":0,"menu_order":0,"comment_status":"closed","ping_status":"closed","template":"elementor_theme","meta":{"_acf_changed":false,"inline_featured_image":false,"footnotes":""},"class_list":["post-1434","page","type-page","status-publish","has-post-thumbnail","hentry"],"acf":[],"yoast_head":"<!-- This site is optimized with the Yoast SEO plugin v25.2 - https:\/\/yoast.com\/wordpress\/plugins\/seo\/ -->\n<title>Cursos de Verano en Jumilla \u25b7 Ingl\u00e9s Intensivo y Escuela Infantil<\/title>\n<meta name=\"description\" content=\"Cursos de verano en julio: intensivos de ingl\u00e9s A2-C1 con Cambridge y LanguageCert, escuela de verano para ni\u00f1os y refuerzo acad\u00e9mico. \u00a1Plazas limitadas!\" \/>\n<meta name=\"robots\" content=\"index, follow, max-snippet:-1, max-image-preview:large, max-video-preview:-1\" \/>\n<link rel=\"canonical\" href=\"https:\/\/slentreidiomas.com\/en\/cursos-de-verano\/\" \/>\n<meta property=\"og:locale\" content=\"en_US\" \/>\n<meta property=\"og:type\" content=\"article\" \/>\n<meta property=\"og:title\" content=\"Cursos de Verano en Jumilla \u25b7 Ingl\u00e9s Intensivo y Escuela Infantil\" \/>\n<meta property=\"og:description\" content=\"Cursos de verano en julio: intensivos de ingl\u00e9s A2-C1 con Cambridge y LanguageCert, escuela de verano para ni\u00f1os y refuerzo acad\u00e9mico. \u00a1Plazas limitadas!\" \/>\n<meta property=\"og:url\" content=\"https:\/\/slentreidiomas.com\/en\/cursos-de-verano\/\" \/>\n<meta property=\"og:site_name\" content=\"ENTRE IDIOMAS\" \/>\n<meta property=\"article:modified_time\" content=\"2025-06-06T13:10:21+00:00\" \/>\n<meta property=\"og:image\" content=\"https:\/\/slentreidiomas.com\/wp-content\/uploads\/2025\/04\/verano-1.webp\" \/>\n\t<meta property=\"og:image:width\" content=\"1734\" \/>\n\t<meta property=\"og:image:height\" content=\"560\" \/>\n\t<meta property=\"og:image:type\" content=\"image\/webp\" \/>\n<meta name=\"twitter:card\" content=\"summary_large_image\" \/>\n<meta name=\"twitter:label1\" content=\"Est. reading time\" \/>\n\t<meta name=\"twitter:data1\" content=\"2 minutes\" \/>\n<script type=\"application\/ld+json\" class=\"yoast-schema-graph\">{\"@context\":\"https:\/\/schema.org\",\"@graph\":[{\"@type\":\"WebPage\",\"@id\":\"https:\/\/slentreidiomas.com\/es\/cursos-de-verano\/\",\"url\":\"https:\/\/slentreidiomas.com\/es\/cursos-de-verano\/\",\"name\":\"Cursos de Verano en Jumilla \u25b7 Ingl\u00e9s Intensivo y Escuela Infantil\",\"isPartOf\":{\"@id\":\"https:\/\/slentreidiomas.com\/es\/#website\"},\"primaryImageOfPage\":{\"@id\":\"https:\/\/slentreidiomas.com\/es\/cursos-de-verano\/#primaryimage\"},\"image\":{\"@id\":\"https:\/\/slentreidiomas.com\/es\/cursos-de-verano\/#primaryimage\"},\"thumbnailUrl\":\"https:\/\/slentreidiomas.com\/wp-content\/uploads\/2025\/04\/verano-1.webp\",\"datePublished\":\"2025-04-10T12:45:00+00:00\",\"dateModified\":\"2025-06-06T13:10:21+00:00\",\"description\":\"Cursos de verano en julio: intensivos de ingl\u00e9s A2-C1 con Cambridge y LanguageCert, escuela de verano para ni\u00f1os y refuerzo acad\u00e9mico. \u00a1Plazas limitadas!\",\"breadcrumb\":{\"@id\":\"https:\/\/slentreidiomas.com\/es\/cursos-de-verano\/#breadcrumb\"},\"inLanguage\":\"en-US\",\"potentialAction\":[{\"@type\":\"ReadAction\",\"target\":[\"https:\/\/slentreidiomas.com\/es\/cursos-de-verano\/\"]}]},{\"@type\":\"ImageObject\",\"inLanguage\":\"en-US\",\"@id\":\"https:\/\/slentreidiomas.com\/es\/cursos-de-verano\/#primaryimage\",\"url\":\"https:\/\/slentreidiomas.com\/wp-content\/uploads\/2025\/04\/verano-1.webp\",\"contentUrl\":\"https:\/\/slentreidiomas.com\/wp-content\/uploads\/2025\/04\/verano-1.webp\",\"width\":1734,\"height\":560},{\"@type\":\"BreadcrumbList\",\"@id\":\"https:\/\/slentreidiomas.com\/es\/cursos-de-verano\/#breadcrumb\",\"itemListElement\":[{\"@type\":\"ListItem\",\"position\":1,\"name\":\"Portada\",\"item\":\"https:\/\/slentreidiomas.com\/es\/\"},{\"@type\":\"ListItem\",\"position\":2,\"name\":\"Cursos de verano en Jumilla\"}]},{\"@type\":\"WebSite\",\"@id\":\"https:\/\/slentreidiomas.com\/es\/#website\",\"url\":\"https:\/\/slentreidiomas.com\/es\/\",\"name\":\"ENTRE IDIOMAS\",\"description\":\"Escuela de idiomas\",\"publisher\":{\"@id\":\"https:\/\/slentreidiomas.com\/es\/#organization\"},\"potentialAction\":[{\"@type\":\"SearchAction\",\"target\":{\"@type\":\"EntryPoint\",\"urlTemplate\":\"https:\/\/slentreidiomas.com\/es\/?s={search_term_string}\"},\"query-input\":{\"@type\":\"PropertyValueSpecification\",\"valueRequired\":true,\"valueName\":\"search_term_string\"}}],\"inLanguage\":\"en-US\"},{\"@type\":\"Organization\",\"@id\":\"https:\/\/slentreidiomas.com\/es\/#organization\",\"name\":\"ENTRE IDIOMAS\",\"url\":\"https:\/\/slentreidiomas.com\/es\/\",\"logo\":{\"@type\":\"ImageObject\",\"inLanguage\":\"en-US\",\"@id\":\"https:\/\/slentreidiomas.com\/es\/#\/schema\/logo\/image\/\",\"url\":\"https:\/\/slentreidiomas.com\/wp-content\/uploads\/2025\/03\/logotipo-entre-idiomas.webp\",\"contentUrl\":\"https:\/\/slentreidiomas.com\/wp-content\/uploads\/2025\/03\/logotipo-entre-idiomas.webp\",\"width\":212,\"height\":202,\"caption\":\"ENTRE IDIOMAS\"},\"image\":{\"@id\":\"https:\/\/slentreidiomas.com\/es\/#\/schema\/logo\/image\/\"}}]}<\/script>\n<!-- \/ Yoast SEO plugin. -->","yoast_head_json":{"title":"Cursos de Verano en Jumilla \u25b7 Ingl\u00e9s Intensivo y Escuela Infantil","description":"Cursos de verano en julio: intensivos de ingl\u00e9s A2-C1 con Cambridge y LanguageCert, escuela de verano para ni\u00f1os y refuerzo acad\u00e9mico. \u00a1Plazas limitadas!","robots":{"index":"index","follow":"follow","max-snippet":"max-snippet:-1","max-image-preview":"max-image-preview:large","max-video-preview":"max-video-preview:-1"},"canonical":"https:\/\/slentreidiomas.com\/en\/cursos-de-verano\/","og_locale":"en_US","og_type":"article","og_title":"Cursos de Verano en Jumilla \u25b7 Ingl\u00e9s Intensivo y Escuela Infantil","og_description":"Cursos de verano en julio: intensivos de ingl\u00e9s A2-C1 con Cambridge y LanguageCert, escuela de verano para ni\u00f1os y refuerzo acad\u00e9mico. \u00a1Plazas limitadas!","og_url":"https:\/\/slentreidiomas.com\/en\/cursos-de-verano\/","og_site_name":"ENTRE IDIOMAS","article_modified_time":"2025-06-06T13:10:21+00:00","og_image":[{"width":1734,"height":560,"url":"https:\/\/slentreidiomas.com\/wp-content\/uploads\/2025\/04\/verano-1.webp","type":"image\/webp"}],"twitter_card":"summary_large_image","twitter_misc":{"Est. reading time":"2 minutes"},"schema":{"@context":"https:\/\/schema.org","@graph":[{"@type":"WebPage","@id":"https:\/\/slentreidiomas.com\/es\/cursos-de-verano\/","url":"https:\/\/slentreidiomas.com\/es\/cursos-de-verano\/","name":"Cursos de Verano en Jumilla \u25b7 Ingl\u00e9s Intensivo y Escuela Infantil","isPartOf":{"@id":"https:\/\/slentreidiomas.com\/es\/#website"},"primaryImageOfPage":{"@id":"https:\/\/slentreidiomas.com\/es\/cursos-de-verano\/#primaryimage"},"image":{"@id":"https:\/\/slentreidiomas.com\/es\/cursos-de-verano\/#primaryimage"},"thumbnailUrl":"https:\/\/slentreidiomas.com\/wp-content\/uploads\/2025\/04\/verano-1.webp","datePublished":"2025-04-10T12:45:00+00:00","dateModified":"2025-06-06T13:10:21+00:00","description":"Cursos de verano en julio: intensivos de ingl\u00e9s A2-C1 con Cambridge y LanguageCert, escuela de verano para ni\u00f1os y refuerzo acad\u00e9mico. \u00a1Plazas limitadas!","breadcrumb":{"@id":"https:\/\/slentreidiomas.com\/es\/cursos-de-verano\/#breadcrumb"},"inLanguage":"en-US","potentialAction":[{"@type":"ReadAction","target":["https:\/\/slentreidiomas.com\/es\/cursos-de-verano\/"]}]},{"@type":"ImageObject","inLanguage":"en-US","@id":"https:\/\/slentreidiomas.com\/es\/cursos-de-verano\/#primaryimage","url":"https:\/\/slentreidiomas.com\/wp-content\/uploads\/2025\/04\/verano-1.webp","contentUrl":"https:\/\/slentreidiomas.com\/wp-content\/uploads\/2025\/04\/verano-1.webp","width":1734,"height":560},{"@type":"BreadcrumbList","@id":"https:\/\/slentreidiomas.com\/es\/cursos-de-verano\/#breadcrumb","itemListElement":[{"@type":"ListItem","position":1,"name":"Portada","item":"https:\/\/slentreidiomas.com\/es\/"},{"@type":"ListItem","position":2,"name":"Cursos de verano en Jumilla"}]},{"@type":"WebSite","@id":"https:\/\/slentreidiomas.com\/es\/#website","url":"https:\/\/slentreidiomas.com\/es\/","name":"ENTRE IDIOMAS","description":"Escuela de idiomas","publisher":{"@id":"https:\/\/slentreidiomas.com\/es\/#organization"},"potentialAction":[{"@type":"SearchAction","target":{"@type":"EntryPoint","urlTemplate":"https:\/\/slentreidiomas.com\/es\/?s={search_term_string}"},"query-input":{"@type":"PropertyValueSpecification","valueRequired":true,"valueName":"search_term_string"}}],"inLanguage":"en-US"},{"@type":"Organization","@id":"https:\/\/slentreidiomas.com\/es\/#organization","name":"ENTRE IDIOMAS","url":"https:\/\/slentreidiomas.com\/es\/","logo":{"@type":"ImageObject","inLanguage":"en-US","@id":"https:\/\/slentreidiomas.com\/es\/#\/schema\/logo\/image\/","url":"https:\/\/slentreidiomas.com\/wp-content\/uploads\/2025\/03\/logotipo-entre-idiomas.webp","contentUrl":"https:\/\/slentreidiomas.com\/wp-content\/uploads\/2025\/03\/logotipo-entre-idiomas.webp","width":212,"height":202,"caption":"ENTRE IDIOMAS"},"image":{"@id":"https:\/\/slentreidiomas.com\/es\/#\/schema\/logo\/image\/"}}]}},"_links":{"self":[{"href":"https:\/\/slentreidiomas.com\/en\/wp-json\/wp\/v2\/pages\/1434","targetHints":{"allow":["GET"]}}],"collection":[{"href":"https:\/\/slentreidiomas.com\/en\/wp-json\/wp\/v2\/pages"}],"about":[{"href":"https:\/\/slentreidiomas.com\/en\/wp-json\/wp\/v2\/types\/page"}],"author":[{"embeddable":true,"href":"https:\/\/slentreidiomas.com\/en\/wp-json\/wp\/v2\/users\/2"}],"replies":[{"embeddable":true,"href":"https:\/\/slentreidiomas.com\/en\/wp-json\/wp\/v2\/comments?post=1434"}],"version-history":[{"count":49,"href":"https:\/\/slentreidiomas.com\/en\/wp-json\/wp\/v2\/pages\/1434\/revisions"}],"predecessor-version":[{"id":1588,"href":"https:\/\/slentreidiomas.com\/en\/wp-json\/wp\/v2\/pages\/1434\/revisions\/1588"}],"wp:featuredmedia":[{"embeddable":true,"href":"https:\/\/slentreidiomas.com\/en\/wp-json\/wp\/v2\/media\/1474"}],"wp:attachment":[{"href":"https:\/\/slentreidiomas.com\/en\/wp-json\/wp\/v2\/media?parent=1434"}],"curies":[{"name":"wp","href":"https:\/\/api.w.org\/{rel}","templated":true}]}}