{"id":23,"date":"2023-09-20T00:06:44","date_gmt":"2023-09-19T22:06:44","guid":{"rendered":"https:\/\/slentreidiomas.com\/?page_id=23"},"modified":"2025-03-18T17:27:00","modified_gmt":"2025-03-18T16:27:00","slug":"politica-de-privacidad","status":"publish","type":"page","link":"https:\/\/slentreidiomas.com\/es\/politica-de-privacidad\/","title":{"rendered":"Pol\u00edtica de privacidad"},"content":{"rendered":"\t\t<div data-elementor-type=\"wp-page\" data-elementor-id=\"23\" class=\"elementor elementor-23\" data-elementor-post-type=\"page\">\n\t\t\t\t<div class=\"elementor-element elementor-element-41a5610f e-flex e-con-boxed e-con e-parent\" data-id=\"41a5610f\" data-element_type=\"container\">\n\t\t\t\t\t<div class=\"e-con-inner\">\n\t\t\t\t<div class=\"elementor-element elementor-element-525f2240 elementor-widget elementor-widget-text-editor\" data-id=\"525f2240\" data-element_type=\"widget\" data-widget_type=\"text-editor.default\">\n\t\t\t\t<div class=\"elementor-widget-container\"><p>Nuestro objetivo es que te sientas c\u00f3modo en nuestro sitio web. La protecci\u00f3n de tu privacidad es muy importante para nosotros. Por lo tanto, nos gustar\u00eda pedirte que leas detenidamente el siguiente resumen sobre c\u00f3mo funciona nuestro sitio web. Puedes confiar en un procesamiento de datos transparente y justo ya que nos esforzamos d\u00eda a d\u00eda para manejar tus datos de forma segura, cuidadosa y responsable.<\/p><p>Las siguientes pol\u00edticas de privacidad est\u00e1n destinadas a informarte sobre c\u00f3mo usamos tu informaci\u00f3n personal cumpliendo con las disposiciones y requisitos del Reglamento General Europeo de Protecci\u00f3n de Datos.<\/p><h3 id=\"h-1-identificaci-n-del-responsable-del-sitio-web\" class=\"wp-block-heading\">1. Identificaci\u00f3n del responsable del sitio web.<\/h3><ul class=\"wp-block-list\"><li><strong>Titular:<\/strong>\u00a0<strong><strong>Amelia Arenas Olivares<\/strong><\/strong><\/li><li><strong>NIF:<\/strong>\u00a077720753G<\/li><li><strong>Domicilio:<\/strong>\u00a0Calle Murillo S\/N, 30520 Jumilla, Murcia, Espa\u00f1a<\/li><li><strong>Correo electr\u00f3nico:<\/strong>\u00a0info@slentreidiomas.com<\/li><\/ul><h3 id=\"informacion\" class=\"wp-block-heading\">2. Informaci\u00f3n y consentimiento<\/h3><p>Mediante la lectura de la presente Pol\u00edtica de Privacidad, el usuario queda informado sobre la forma en la que slentreidiomas.com recaba, trata y protege los datos de car\u00e1cter personal que le son facilitados a trav\u00e9s de los formularios dispuestos a trav\u00e9s del sitio web www.slentreidiomas.com (en adelante, el \u201c<strong>Sitio Web<\/strong>\u201d), as\u00ed como los datos derivados de su navegaci\u00f3n y aquellos otros datos que pueda facilitar en un futuro a slentreidiomas.com.<\/p><p>El usuario debe leer con atenci\u00f3n esta Pol\u00edtica de Privacidad, que ha sido redactada de forma clara y sencilla, para facilitar su comprensi\u00f3n, determinando libre y voluntariamente si desea facilitar sus datos personales a slentreidiomas.com.<\/p><h3 id=\"obligacion\" class=\"wp-block-heading\">3. Obligatoriedad de facilitar los datos<\/h3><p>Los datos solicitados en los formularios dispuestos en el Sitio Web son, con car\u00e1cter general, obligatorios (salvo que en el campo requerido se especifique lo contrario) para cumplir con las finalidades establecidas.<\/p><p>Por lo tanto, si no se facilitan dichos datos o estos no son correctos no podr\u00e1n atenderse las mismas.<\/p><h3 id=\"finalidad\" class=\"wp-block-heading\">4. \u00bfCon qu\u00e9 finalidad tratamos los datos personales del usuario y durante cu\u00e1nto tiempo?<\/h3><p>Los datos personales recabados ser\u00e1n tratados por slentreidiomas.com conforme a las siguientes finalidades:<\/p><ul class=\"wp-block-list\"><li>Gestionar sus solicitudes de contacto con slentreidiomas.com a trav\u00e9s de los canales dispuestos para ello en el Sitio Web.<\/li><li>Gestionar las compras efectuadas en el marco del Sitio Web, incluyendo la gesti\u00f3n del pago y la remisi\u00f3n del pedido.<\/li><li>Gestionar la suscripci\u00f3n a la newsletter, realizada a trav\u00e9s del canal dispuesto en el Sitio Web de slentreidiomas.com.<\/li><li>Efectuar an\u00e1lisis sobre la utilizaci\u00f3n del Sitio Web y comprobar las preferencias y comportamiento de los usuarios.<\/li><li>Gestionar el env\u00edo de encuestas de satisfacci\u00f3n en base a la compra del producto o servicio de slentreidiomas.com realizada, para mejorar d\u00eda a d\u00eda la experiencia de nuestros clientes.<\/li><li>Analizar sus datos a fin de elaborar perfiles de usuario que permitan definir con mayor detalle los productos que puedan resultar de su inter\u00e9s.<\/li><\/ul><p>Los datos se conservar\u00e1n durante el tiempo necesario para la realizaci\u00f3n de las finalidades para las que fueron recabados, salvo que el usuario solicite su baja a slentreidiomas.com, oponi\u00e9ndose o revocando su consentimiento.<\/p><h3 id=\"datos\" class=\"wp-block-heading\">5. \u00bfQu\u00e9 datos del usuario tratar\u00e1 slentreidiomas.com?<\/h3><p>www.slentreidiomas.com tratar\u00e1 las siguientes categor\u00edas de datos:<\/p><p>Datos facilitados por los propios interesados en los campos abiertos de los formularios dispuestos en el Sitio Web.<\/p><p>Datos de navegaci\u00f3n.<\/p><p>En caso de que el usuario facilite datos de terceros, manifiesta contar con el consentimiento de los mismos y se compromete a trasladar al interesado, titular de dichos datos, la informaci\u00f3n contenida en la Pol\u00edtica de Privacidad, eximiendo a slentreidiomas.com de cualquier responsabilidad en este sentido. No obstante, slentreidiomas.com podr\u00e1 llevar a cabo las verificaciones necesarias para constatar este hecho, adoptando las medidas de diligencia debida que correspondan, conforme a la normativa de protecci\u00f3n de datos.<\/p><h3 id=\"cookies\" class=\"wp-block-heading\">6. Cookies, servicios de an\u00e1lisis web y redes sociales<\/h3><p>Utilizamos cookies, servicios de an\u00e1lisis web y complementos de redes sociales en nuestro sitio web para mejorar tu experiencia de navegaci\u00f3n. Para consultar nuestra pol\u00edtica de cookies, haz click\u00a0<a href=\"https:\/\/slentreidiomas.com\/politica-de-cookies\/\">aqu\u00ed<\/a>.<\/p><h3 id=\"tratamiento\" class=\"wp-block-heading\">7. Cu\u00e1l es la legitimaci\u00f3n del tratamiento de tus datos?<\/h3><p>El tratamiento de datos para la adquisici\u00f3n de productos por medio del Sitio Web ser\u00e1 necesario para el cumplimiento de la relaci\u00f3n contractual surgida entre el usuario y slentreidiomas.com.<\/p><p>El tratamiento de sus datos con fines de marketing, relativo a bienes y servicios propios de slentreidiomas.com y servicios an\u00e1logos para sus clientes, se basar\u00e1 en el inter\u00e9s leg\u00edtimo reconocido por la normativa cuando el usuario haya adquirido bienes y\/o servicios de slentreidiomas.com. En caso no existir tal relaci\u00f3n contractual, el tratamiento de datos se basar\u00e1 en el consentimiento del usuario recogido en la normativa actual vigente.<\/p><p>El tratamiento para las referidas finalidades, se realizar\u00e1 siempre previo consentimiento del usuario o en base al referido inter\u00e9s leg\u00edtimo, y ser\u00e1 necesario para la atenci\u00f3n de su solicitud. Asimismo, en caso de retirar su consentimiento a cualquiera de los tratamientos, ello no afectar\u00e1 a la licitud de los tratamientos efectuados con anterioridad.<\/p><p>Para revocar dicho consentimiento, el Usuario podr\u00e1 contactar con nosotros a trav\u00e9s de nuestro email:\u00a0info@slentreidiomas.com<\/p><h3 id=\"responsabilidad\" class=\"wp-block-heading\">8. Responsabilidad del usuario<\/h3><p>El usuario:<\/p><ul class=\"wp-block-list\"><li>Garantiza que es mayor de dieciocho (18) a\u00f1os y que los datos que facilita a slentreidiomas.com son verdaderos, exactos, completos y actualizados. A estos efectos, el usuario responde de la veracidad de todos los datos que comunique y mantendr\u00e1 convenientemente actualizada la informaci\u00f3n facilitada, de tal forma que responda a su situaci\u00f3n real.<\/li><li>Garantiza que ha informado a los terceros de los que facilite sus datos, en caso de hacerlo, de los aspectos contenidos en este documento. Asimismo, garantiza que ha obtenido su autorizaci\u00f3n para facilitar sus datos a slentreidiomas.com para los fines se\u00f1alados.<\/li><li>Ser\u00e1 responsable de las informaciones falsas o inexactas que proporcione a trav\u00e9s del Sitio Web y de los da\u00f1os y perjuicios, directos o indirectos, que ello cause a slentreidiomas.com o a terceros.<\/li><\/ul><h3 id=\"comunicacion\" class=\"wp-block-heading\">9. Comunicaciones comerciales y promocionales<\/h3><p>Una de las finalidades para las que slentreidiomas.com trata los datos personales proporcionados por parte de los usuarios es para remitirles comunicaciones electr\u00f3nicas con informaci\u00f3n relativa a bienes, servicios, promociones, ofertas, eventos o noticias relevantes para los usuarios. Siempre que se realice alguna comunicaci\u00f3n de este tipo, \u00e9sta ser\u00e1 dirigida \u00fanica y exclusivamente a aquellos Usuarios que no hubieran manifestado previamente su negativa a la recepci\u00f3n de las mismas.<\/p><p>En caso de que el usuario desee dejar de recibir comunicaciones comerciales o promocionales por parte de slentreidiomas.com, puede solicitar la baja del servicio haciendo click sobre el enlace habilitado a tales efectos en el propio cuerpo de dichas comunicaciones comerciales o bien enviando un email a la siguiente direcci\u00f3n de correo electr\u00f3nico:\u00a0info@slentreidiomas.com\u00a0as\u00ed como indicando su negativa a la recepci\u00f3n de las mismas, a trav\u00e9s de la casilla as\u00ed dispuesta en el formulario de recogida de sus datos o indic\u00e1ndolo mediante la opci\u00f3n de baja proporcionada en cada una de las comunicaciones comerciales enviadas.<\/p><h3 id=\"funcion\" class=\"wp-block-heading\">10. Uso de la funci\u00f3n de chat \u201catenci\u00f3n al cliente\u201d<\/h3><p>Una de las posibilidades que te ofrecemos es la de \u00abChat de Atenci\u00f3n al Cliente\u00bb para que nuestro servicio sea a\u00fan m\u00e1s agradable para ti. A trav\u00e9s de este chat tienes la oportunidad de consultar antes de comprar en nuestro sitio web. Todo el proceso de chat se realiza de forma totalmente an\u00f3nima, sin que se muestre tu nombre u otros datos personales. Con el fin de mejorar constantemente la calidad de nuestro servicio al cliente en el chat, registramos este historial para fines de an\u00e1lisis y mejora, de forma totalmente an\u00f3nima. Estos registros se eliminan una vez evaluados.<\/p><h3 id=\"ejercicio-derechos\" class=\"wp-block-heading\">11. Ejercicio de derechos<\/h3><p>El usuario puede enviar un escrito a slentreidiomas.com, por medio de un correo electr\u00f3nico a la direcci\u00f3n\u00a0info@slentreidiomas.com, adjuntando fotocopia de su documento de identidad, en cualquier momento y de manera gratuita, para:<\/p><ul class=\"wp-block-list\"><li>Revocar los consentimientos otorgados.<\/li><li>Obtener confirmaci\u00f3n acerca de si en slentreidiomas.com se est\u00e1n tratando datos personales que conciernen al Usuario o no.<\/li><li>Acceder a sus datos personales.<\/li><li>Rectificar los datos inexactos o incompletos.<\/li><li>Solicitar la supresi\u00f3n de sus datos cuando, entre otros motivos, los datos ya no sean necesarios para los fines que fueron recogidos.<\/li><li>Obtener de slentreidiomas.com la limitaci\u00f3n del tratamiento de los datos cuando se cumpla alguna de las condiciones previstas en la normativa de protecci\u00f3n de datos.<\/li><li>Obtener intervenci\u00f3n humana, a expresar tu punto de vista y a impugnar las decisiones automatizadas a adoptadas por parte de slentreidiomas.com.<\/li><li>Solicitar la portabilidad de tus datos.<\/li><li>Ponerse en contacto con el DPO de slentreidiomas.com a trav\u00e9s de la siguiente direcci\u00f3n:\u00a0info@slentreidiomas.com<\/li><li>Interponer una reclamaci\u00f3n relativa a la protecci\u00f3n de sus datos personales cuando el interesado considere que slentreidiomas.com ha vulnerado los derechos que le son reconocidos por la normativa aplicable en protecci\u00f3n de datos.<\/li><\/ul><h3 id=\"medidas\" class=\"wp-block-heading\">12. Medidas de seguridad<\/h3><p>slentreidiomas.com tratar\u00e1 los datos del Usuario en todo momento de forma absolutamente confidencial y guardando el secreto de los mismos, de conformidad con lo previsto en la normativa de aplicaci\u00f3n, adoptando al efecto las medidas de \u00edndole t\u00e9cnico-organizativa necesarias que garanticen la seguridad de sus datos y eviten su alteraci\u00f3n, p\u00e9rdida, tratamiento o acceso no autorizado, habida cuenta del estado de la tecnolog\u00eda, la naturaleza de los datos almacenados y los riesgos a que est\u00e1n expuestos.<\/p><h3 id=\"cambios-privacidad\" class=\"wp-block-heading\">13. Cambios en la pol\u00edtica de privacidad<\/h3><p>Para garantizar que nuestras directrices de protecci\u00f3n de datos cumplan siempre con los requisitos legales actuales, nos reservamos el derecho de realizar cambios para estar siempre adecuados a la legislaci\u00f3n vigente.<\/p><\/div>\n\t\t\t\t<\/div>\n\t\t\t\t\t<\/div>\n\t\t\t\t<\/div>\t\t<\/div>\n\t\t","protected":false},"excerpt":{"rendered":"<p>Nuestro objetivo es que te sientas c\u00f3modo en nuestro sitio web. La protecci\u00f3n de tu privacidad es muy importante para nosotros. Por lo tanto, nos gustar\u00eda pedirte que leas detenidamente el siguiente resumen sobre c\u00f3mo funciona nuestro sitio web. Puedes confiar en un procesamiento de datos transparente y justo ya que nos esforzamos d\u00eda a [&hellip;]<\/p>\n","protected":false},"author":1,"featured_media":0,"parent":0,"menu_order":0,"comment_status":"closed","ping_status":"closed","template":"elementor_theme","meta":{"_acf_changed":false,"inline_featured_image":false,"footnotes":""},"class_list":["post-23","page","type-page","status-publish","hentry"],"acf":[],"yoast_head":"<!-- This site is optimized with the Yoast SEO plugin v25.2 - https:\/\/yoast.com\/wordpress\/plugins\/seo\/ -->\n<title>Pol\u00edtica de privacidad<\/title>\n<meta name=\"description\" content=\"Pol\u00edtica de privacidad.\" \/>\n<meta name=\"robots\" content=\"noindex, nofollow\" \/>\n<meta property=\"og:locale\" content=\"es_ES\" \/>\n<meta property=\"og:type\" content=\"article\" \/>\n<meta property=\"og:title\" content=\"Pol\u00edtica de privacidad\" \/>\n<meta property=\"og:description\" content=\"Pol\u00edtica de privacidad.\" \/>\n<meta property=\"og:url\" content=\"https:\/\/slentreidiomas.com\/es\/politica-de-privacidad\/\" \/>\n<meta property=\"og:site_name\" content=\"ENTRE IDIOMAS\" \/>\n<meta property=\"article:modified_time\" content=\"2025-03-18T16:27:00+00:00\" \/>\n<meta name=\"twitter:card\" content=\"summary_large_image\" \/>\n<meta name=\"twitter:label1\" content=\"Tiempo de lectura\" \/>\n\t<meta name=\"twitter:data1\" content=\"7 minutos\" \/>\n<script type=\"application\/ld+json\" class=\"yoast-schema-graph\">{\"@context\":\"https:\/\/schema.org\",\"@graph\":[{\"@type\":\"WebPage\",\"@id\":\"https:\/\/slentreidiomas.com\/politica-de-privacidad\/\",\"url\":\"https:\/\/slentreidiomas.com\/politica-de-privacidad\/\",\"name\":\"Pol\u00edtica de privacidad\",\"isPartOf\":{\"@id\":\"https:\/\/slentreidiomas.com\/es\/#website\"},\"datePublished\":\"2023-09-19T22:06:44+00:00\",\"dateModified\":\"2025-03-18T16:27:00+00:00\",\"description\":\"Pol\u00edtica de privacidad.\",\"breadcrumb\":{\"@id\":\"https:\/\/slentreidiomas.com\/politica-de-privacidad\/#breadcrumb\"},\"inLanguage\":\"es\",\"potentialAction\":[{\"@type\":\"ReadAction\",\"target\":[\"https:\/\/slentreidiomas.com\/politica-de-privacidad\/\"]}]},{\"@type\":\"BreadcrumbList\",\"@id\":\"https:\/\/slentreidiomas.com\/politica-de-privacidad\/#breadcrumb\",\"itemListElement\":[{\"@type\":\"ListItem\",\"position\":1,\"name\":\"Portada\",\"item\":\"https:\/\/slentreidiomas.com\/es\/\"},{\"@type\":\"ListItem\",\"position\":2,\"name\":\"Pol\u00edtica de privacidad\"}]},{\"@type\":\"WebSite\",\"@id\":\"https:\/\/slentreidiomas.com\/es\/#website\",\"url\":\"https:\/\/slentreidiomas.com\/es\/\",\"name\":\"ENTRE IDIOMAS\",\"description\":\"Escuela de idiomas\",\"publisher\":{\"@id\":\"https:\/\/slentreidiomas.com\/es\/#organization\"},\"potentialAction\":[{\"@type\":\"SearchAction\",\"target\":{\"@type\":\"EntryPoint\",\"urlTemplate\":\"https:\/\/slentreidiomas.com\/es\/?s={search_term_string}\"},\"query-input\":{\"@type\":\"PropertyValueSpecification\",\"valueRequired\":true,\"valueName\":\"search_term_string\"}}],\"inLanguage\":\"es\"},{\"@type\":\"Organization\",\"@id\":\"https:\/\/slentreidiomas.com\/es\/#organization\",\"name\":\"ENTRE IDIOMAS\",\"url\":\"https:\/\/slentreidiomas.com\/es\/\",\"logo\":{\"@type\":\"ImageObject\",\"inLanguage\":\"es\",\"@id\":\"https:\/\/slentreidiomas.com\/es\/#\/schema\/logo\/image\/\",\"url\":\"https:\/\/slentreidiomas.com\/wp-content\/uploads\/2025\/03\/logotipo-entre-idiomas.webp\",\"contentUrl\":\"https:\/\/slentreidiomas.com\/wp-content\/uploads\/2025\/03\/logotipo-entre-idiomas.webp\",\"width\":212,\"height\":202,\"caption\":\"ENTRE IDIOMAS\"},\"image\":{\"@id\":\"https:\/\/slentreidiomas.com\/es\/#\/schema\/logo\/image\/\"}}]}<\/script>\n<!-- \/ Yoast SEO plugin. -->","yoast_head_json":{"title":"Pol\u00edtica de privacidad","description":"Pol\u00edtica de privacidad.","robots":{"index":"noindex","follow":"nofollow"},"og_locale":"es_ES","og_type":"article","og_title":"Pol\u00edtica de privacidad","og_description":"Pol\u00edtica de privacidad.","og_url":"https:\/\/slentreidiomas.com\/es\/politica-de-privacidad\/","og_site_name":"ENTRE IDIOMAS","article_modified_time":"2025-03-18T16:27:00+00:00","twitter_card":"summary_large_image","twitter_misc":{"Tiempo de lectura":"7 minutos"},"schema":{"@context":"https:\/\/schema.org","@graph":[{"@type":"WebPage","@id":"https:\/\/slentreidiomas.com\/politica-de-privacidad\/","url":"https:\/\/slentreidiomas.com\/politica-de-privacidad\/","name":"Pol\u00edtica de privacidad","isPartOf":{"@id":"https:\/\/slentreidiomas.com\/es\/#website"},"datePublished":"2023-09-19T22:06:44+00:00","dateModified":"2025-03-18T16:27:00+00:00","description":"Pol\u00edtica de privacidad.","breadcrumb":{"@id":"https:\/\/slentreidiomas.com\/politica-de-privacidad\/#breadcrumb"},"inLanguage":"es","potentialAction":[{"@type":"ReadAction","target":["https:\/\/slentreidiomas.com\/politica-de-privacidad\/"]}]},{"@type":"BreadcrumbList","@id":"https:\/\/slentreidiomas.com\/politica-de-privacidad\/#breadcrumb","itemListElement":[{"@type":"ListItem","position":1,"name":"Portada","item":"https:\/\/slentreidiomas.com\/es\/"},{"@type":"ListItem","position":2,"name":"Pol\u00edtica de privacidad"}]},{"@type":"WebSite","@id":"https:\/\/slentreidiomas.com\/es\/#website","url":"https:\/\/slentreidiomas.com\/es\/","name":"ENTRE IDIOMAS","description":"Escuela de idiomas","publisher":{"@id":"https:\/\/slentreidiomas.com\/es\/#organization"},"potentialAction":[{"@type":"SearchAction","target":{"@type":"EntryPoint","urlTemplate":"https:\/\/slentreidiomas.com\/es\/?s={search_term_string}"},"query-input":{"@type":"PropertyValueSpecification","valueRequired":true,"valueName":"search_term_string"}}],"inLanguage":"es"},{"@type":"Organization","@id":"https:\/\/slentreidiomas.com\/es\/#organization","name":"ENTRE IDIOMAS","url":"https:\/\/slentreidiomas.com\/es\/","logo":{"@type":"ImageObject","inLanguage":"es","@id":"https:\/\/slentreidiomas.com\/es\/#\/schema\/logo\/image\/","url":"https:\/\/slentreidiomas.com\/wp-content\/uploads\/2025\/03\/logotipo-entre-idiomas.webp","contentUrl":"https:\/\/slentreidiomas.com\/wp-content\/uploads\/2025\/03\/logotipo-entre-idiomas.webp","width":212,"height":202,"caption":"ENTRE IDIOMAS"},"image":{"@id":"https:\/\/slentreidiomas.com\/es\/#\/schema\/logo\/image\/"}}]}},"_links":{"self":[{"href":"https:\/\/slentreidiomas.com\/es\/wp-json\/wp\/v2\/pages\/23","targetHints":{"allow":["GET"]}}],"collection":[{"href":"https:\/\/slentreidiomas.com\/es\/wp-json\/wp\/v2\/pages"}],"about":[{"href":"https:\/\/slentreidiomas.com\/es\/wp-json\/wp\/v2\/types\/page"}],"author":[{"embeddable":true,"href":"https:\/\/slentreidiomas.com\/es\/wp-json\/wp\/v2\/users\/1"}],"replies":[{"embeddable":true,"href":"https:\/\/slentreidiomas.com\/es\/wp-json\/wp\/v2\/comments?post=23"}],"version-history":[{"count":10,"href":"https:\/\/slentreidiomas.com\/es\/wp-json\/wp\/v2\/pages\/23\/revisions"}],"predecessor-version":[{"id":1280,"href":"https:\/\/slentreidiomas.com\/es\/wp-json\/wp\/v2\/pages\/23\/revisions\/1280"}],"wp:attachment":[{"href":"https:\/\/slentreidiomas.com\/es\/wp-json\/wp\/v2\/media?parent=23"}],"curies":[{"name":"wp","href":"https:\/\/api.w.org\/{rel}","templated":true}]}}