{"id":21,"date":"2023-09-20T00:06:14","date_gmt":"2023-09-19T22:06:14","guid":{"rendered":"https:\/\/slentreidiomas.com\/?page_id=21"},"modified":"2025-06-06T15:39:16","modified_gmt":"2025-06-06T13:39:16","slug":"contacto","status":"publish","type":"page","link":"https:\/\/slentreidiomas.com\/fr\/contacto\/","title":{"rendered":"Contact"},"content":{"rendered":"<div data-elementor-type=\"wp-page\" data-elementor-id=\"21\" class=\"elementor elementor-21\" data-elementor-post-type=\"page\">\n\t\t\t\t<div class=\"elementor-element elementor-element-ed02222 e-flex e-con-boxed e-con e-parent\" data-id=\"ed02222\" data-element_type=\"container\">\n\t\t\t\t\t<div class=\"e-con-inner\">\n\t\t<div class=\"elementor-element elementor-element-6ed09b1 e-con-full e-flex e-con e-child\" data-id=\"6ed09b1\" data-element_type=\"container\">\n\t\t\t\t<div class=\"elementor-element elementor-element-c9140fa elementor-hidden-mobile elementor-widget elementor-widget-spacer\" data-id=\"c9140fa\" data-element_type=\"widget\" data-widget_type=\"spacer.default\">\n\t\t\t\t<div class=\"elementor-widget-container\">\n\t\t\t\t\t\t\t<div class=\"elementor-spacer\">\n\t\t\t<div class=\"elementor-spacer-inner\"><\/div>\n\t\t<\/div>\n\t\t\t\t\t\t<\/div>\n\t\t\t\t<\/div>\n\t\t\t\t<div class=\"elementor-element elementor-element-3d0736b elementor-icon-list--layout-traditional elementor-list-item-link-full_width elementor-widget elementor-widget-icon-list\" data-id=\"3d0736b\" data-element_type=\"widget\" data-widget_type=\"icon-list.default\">\n\t\t\t\t<div class=\"elementor-widget-container\">\n\t\t\t\t\t\t\t<ul class=\"elementor-icon-list-items\">\n\t\t\t\t\t\t\t<li class=\"elementor-icon-list-item\">\n\t\t\t\t\t\t\t\t\t\t\t<a href=\"tel:+34681921370\">\n\n\t\t\t\t\t\t\t\t\t\t\t\t<span class=\"elementor-icon-list-icon\">\n\t\t\t\t\t\t\t<i aria-hidden=\"true\" class=\"fas fa-phone-alt\"><\/i>\t\t\t\t\t\t<\/span>\n\t\t\t\t\t\t\t\t\t\t<span class=\"elementor-icon-list-text\">681 92 13 70<\/span>\n\t\t\t\t\t\t\t\t\t\t\t<\/a>\n\t\t\t\t\t\t\t\t\t<\/li>\n\t\t\t\t\t\t\t\t<li class=\"elementor-icon-list-item\">\n\t\t\t\t\t\t\t\t\t\t\t<a href=\"mailto:info@slentreidiomas.com\">\n\n\t\t\t\t\t\t\t\t\t\t\t\t<span class=\"elementor-icon-list-icon\">\n\t\t\t\t\t\t\t<i aria-hidden=\"true\" class=\"fas fa-envelope\"><\/i>\t\t\t\t\t\t<\/span>\n\t\t\t\t\t\t\t\t\t\t<span class=\"elementor-icon-list-text\">info@slentreidiomas.com<\/span>\n\t\t\t\t\t\t\t\t\t\t\t<\/a>\n\t\t\t\t\t\t\t\t\t<\/li>\n\t\t\t\t\t\t\t\t<li class=\"elementor-icon-list-item\">\n\t\t\t\t\t\t\t\t\t\t\t<a href=\"https:\/\/maps.app.goo.gl\/tq8XpiSmycRzdEfq9\" target=\"_blank\">\n\n\t\t\t\t\t\t\t\t\t\t\t\t<span class=\"elementor-icon-list-icon\">\n\t\t\t\t\t\t\t<i aria-hidden=\"true\" class=\"fas fa-map-marker-alt\"><\/i>\t\t\t\t\t\t<\/span>\n\t\t\t\t\t\t\t\t\t\t<span class=\"elementor-icon-list-text\">C. Murillo, 30520 Jumilla, Murcia<\/span>\n\t\t\t\t\t\t\t\t\t\t\t<\/a>\n\t\t\t\t\t\t\t\t\t<\/li>\n\t\t\t\t\t\t<\/ul>\n\t\t\t\t\t\t<\/div>\n\t\t\t\t<\/div>\n\t\t\t\t<\/div>\n\t\t<div class=\"elementor-element elementor-element-2d50b63 e-con-full e-flex e-con e-child\" data-id=\"2d50b63\" data-element_type=\"container\">\n\t\t\t\t<div class=\"elementor-element elementor-element-a2c9b7f elementor-widget elementor-widget-google_maps\" data-id=\"a2c9b7f\" data-element_type=\"widget\" data-widget_type=\"google_maps.default\">\n\t\t\t\t<div class=\"elementor-widget-container\">\n\t\t\t\t\t\t\t<div class=\"elementor-custom-embed\">\n\t\t\t<iframe loading=\"lazy\"\n\t\t\t\t\tsrc=\"https:\/\/maps.google.com\/maps?q=C.%20Murillo%2C%2030520%20Jumilla%2C%20Murcia&#038;t=m&#038;z=10&#038;output=embed&#038;iwloc=near\"\n\t\t\t\t\ttitle=\"C. Murillo, 30520 Jumilla, Murcia\"\n\t\t\t\t\taria-label=\"C. Murillo, 30520 Jumilla, Murcia\"\n\t\t\t><\/iframe>\n\t\t<\/div>\n\t\t\t\t\t\t<\/div>\n\t\t\t\t<\/div>\n\t\t\t\t<\/div>\n\t\t\t\t\t<\/div>\n\t\t\t\t<\/div>\n\t\t\t\t<\/div>","protected":false},"excerpt":{"rendered":"<p>Contactez-nous et renseignez-vous sans engagement sur nos services et nos cours.<\/p>","protected":false},"author":1,"featured_media":1357,"parent":0,"menu_order":0,"comment_status":"closed","ping_status":"closed","template":"elementor_theme","meta":{"_acf_changed":false,"inline_featured_image":false,"footnotes":""},"class_list":["post-21","page","type-page","status-publish","has-post-thumbnail","hentry"],"acf":[],"yoast_head":"<!-- This site is optimized with the Yoast SEO plugin v25.2 - https:\/\/yoast.com\/wordpress\/plugins\/seo\/ -->\n<title>Contacta con nosotros | \u00a1Hablemos de tu aprendizaje de idiomas!<\/title>\n<meta name=\"description\" content=\"\u00bfQuieres saber m\u00e1s sobre nuestros cursos y servicios? Ll\u00e1manos o escr\u00edbenos. En Entre Idiomas Jumilla, te ayudamos a alcanzar tus metas ling\u00fc\u00edsticas.\" \/>\n<meta name=\"robots\" content=\"index, follow, max-snippet:-1, max-image-preview:large, max-video-preview:-1\" \/>\n<link rel=\"canonical\" href=\"https:\/\/slentreidiomas.com\/fr\/contacto\/\" \/>\n<meta property=\"og:locale\" content=\"fr_FR\" \/>\n<meta property=\"og:type\" content=\"article\" \/>\n<meta property=\"og:title\" content=\"Contacta con nosotros | \u00a1Hablemos de tu aprendizaje de idiomas!\" \/>\n<meta property=\"og:description\" content=\"\u00bfQuieres saber m\u00e1s sobre nuestros cursos y servicios? Ll\u00e1manos o escr\u00edbenos. En Entre Idiomas Jumilla, te ayudamos a alcanzar tus metas ling\u00fc\u00edsticas.\" \/>\n<meta property=\"og:url\" content=\"https:\/\/slentreidiomas.com\/fr\/contacto\/\" \/>\n<meta property=\"og:site_name\" content=\"ENTRE IDIOMAS\" \/>\n<meta property=\"article:modified_time\" content=\"2025-06-06T13:39:16+00:00\" \/>\n<meta property=\"og:image\" content=\"https:\/\/slentreidiomas.com\/wp-content\/uploads\/2025\/04\/academia-de-idiomas-jumilla-2.webp\" \/>\n\t<meta property=\"og:image:width\" content=\"2172\" \/>\n\t<meta property=\"og:image:height\" content=\"800\" \/>\n\t<meta property=\"og:image:type\" content=\"image\/webp\" \/>\n<meta name=\"twitter:card\" content=\"summary_large_image\" \/>\n<meta name=\"twitter:label1\" content=\"Dur\u00e9e de lecture estim\u00e9e\" \/>\n\t<meta name=\"twitter:data1\" content=\"1 minute\" \/>\n<script type=\"application\/ld+json\" class=\"yoast-schema-graph\">{\"@context\":\"https:\/\/schema.org\",\"@graph\":[{\"@type\":\"WebPage\",\"@id\":\"https:\/\/slentreidiomas.com\/contacto\/\",\"url\":\"https:\/\/slentreidiomas.com\/contacto\/\",\"name\":\"Contacta con nosotros | \u00a1Hablemos de tu aprendizaje de idiomas!\",\"isPartOf\":{\"@id\":\"https:\/\/slentreidiomas.com\/es\/#website\"},\"primaryImageOfPage\":{\"@id\":\"https:\/\/slentreidiomas.com\/contacto\/#primaryimage\"},\"image\":{\"@id\":\"https:\/\/slentreidiomas.com\/contacto\/#primaryimage\"},\"thumbnailUrl\":\"https:\/\/slentreidiomas.com\/wp-content\/uploads\/2025\/04\/academia-de-idiomas-jumilla-2.webp\",\"datePublished\":\"2023-09-19T22:06:14+00:00\",\"dateModified\":\"2025-06-06T13:39:16+00:00\",\"description\":\"\u00bfQuieres saber m\u00e1s sobre nuestros cursos y servicios? Ll\u00e1manos o escr\u00edbenos. En Entre Idiomas Jumilla, te ayudamos a alcanzar tus metas ling\u00fc\u00edsticas.\",\"breadcrumb\":{\"@id\":\"https:\/\/slentreidiomas.com\/contacto\/#breadcrumb\"},\"inLanguage\":\"fr-FR\",\"potentialAction\":[{\"@type\":\"ReadAction\",\"target\":[\"https:\/\/slentreidiomas.com\/contacto\/\"]}]},{\"@type\":\"ImageObject\",\"inLanguage\":\"fr-FR\",\"@id\":\"https:\/\/slentreidiomas.com\/contacto\/#primaryimage\",\"url\":\"https:\/\/slentreidiomas.com\/wp-content\/uploads\/2025\/04\/academia-de-idiomas-jumilla-2.webp\",\"contentUrl\":\"https:\/\/slentreidiomas.com\/wp-content\/uploads\/2025\/04\/academia-de-idiomas-jumilla-2.webp\",\"width\":2172,\"height\":800},{\"@type\":\"BreadcrumbList\",\"@id\":\"https:\/\/slentreidiomas.com\/contacto\/#breadcrumb\",\"itemListElement\":[{\"@type\":\"ListItem\",\"position\":1,\"name\":\"Portada\",\"item\":\"https:\/\/slentreidiomas.com\/es\/\"},{\"@type\":\"ListItem\",\"position\":2,\"name\":\"Contacto\"}]},{\"@type\":\"WebSite\",\"@id\":\"https:\/\/slentreidiomas.com\/es\/#website\",\"url\":\"https:\/\/slentreidiomas.com\/es\/\",\"name\":\"ENTRE IDIOMAS\",\"description\":\"Escuela de idiomas\",\"publisher\":{\"@id\":\"https:\/\/slentreidiomas.com\/es\/#organization\"},\"potentialAction\":[{\"@type\":\"SearchAction\",\"target\":{\"@type\":\"EntryPoint\",\"urlTemplate\":\"https:\/\/slentreidiomas.com\/es\/?s={search_term_string}\"},\"query-input\":{\"@type\":\"PropertyValueSpecification\",\"valueRequired\":true,\"valueName\":\"search_term_string\"}}],\"inLanguage\":\"fr-FR\"},{\"@type\":\"Organization\",\"@id\":\"https:\/\/slentreidiomas.com\/es\/#organization\",\"name\":\"ENTRE IDIOMAS\",\"url\":\"https:\/\/slentreidiomas.com\/es\/\",\"logo\":{\"@type\":\"ImageObject\",\"inLanguage\":\"fr-FR\",\"@id\":\"https:\/\/slentreidiomas.com\/es\/#\/schema\/logo\/image\/\",\"url\":\"https:\/\/slentreidiomas.com\/wp-content\/uploads\/2025\/03\/logotipo-entre-idiomas.webp\",\"contentUrl\":\"https:\/\/slentreidiomas.com\/wp-content\/uploads\/2025\/03\/logotipo-entre-idiomas.webp\",\"width\":212,\"height\":202,\"caption\":\"ENTRE IDIOMAS\"},\"image\":{\"@id\":\"https:\/\/slentreidiomas.com\/es\/#\/schema\/logo\/image\/\"}}]}<\/script>\n<!-- \/ Yoast SEO plugin. -->","yoast_head_json":{"title":"Contacta con nosotros | \u00a1Hablemos de tu aprendizaje de idiomas!","description":"\u00bfQuieres saber m\u00e1s sobre nuestros cursos y servicios? Ll\u00e1manos o escr\u00edbenos. En Entre Idiomas Jumilla, te ayudamos a alcanzar tus metas ling\u00fc\u00edsticas.","robots":{"index":"index","follow":"follow","max-snippet":"max-snippet:-1","max-image-preview":"max-image-preview:large","max-video-preview":"max-video-preview:-1"},"canonical":"https:\/\/slentreidiomas.com\/fr\/contacto\/","og_locale":"fr_FR","og_type":"article","og_title":"Contacta con nosotros | \u00a1Hablemos de tu aprendizaje de idiomas!","og_description":"\u00bfQuieres saber m\u00e1s sobre nuestros cursos y servicios? Ll\u00e1manos o escr\u00edbenos. En Entre Idiomas Jumilla, te ayudamos a alcanzar tus metas ling\u00fc\u00edsticas.","og_url":"https:\/\/slentreidiomas.com\/fr\/contacto\/","og_site_name":"ENTRE IDIOMAS","article_modified_time":"2025-06-06T13:39:16+00:00","og_image":[{"width":2172,"height":800,"url":"https:\/\/slentreidiomas.com\/wp-content\/uploads\/2025\/04\/academia-de-idiomas-jumilla-2.webp","type":"image\/webp"}],"twitter_card":"summary_large_image","twitter_misc":{"Dur\u00e9e de lecture estim\u00e9e":"1 minute"},"schema":{"@context":"https:\/\/schema.org","@graph":[{"@type":"WebPage","@id":"https:\/\/slentreidiomas.com\/contacto\/","url":"https:\/\/slentreidiomas.com\/contacto\/","name":"Contacta con nosotros | \u00a1Hablemos de tu aprendizaje de idiomas!","isPartOf":{"@id":"https:\/\/slentreidiomas.com\/es\/#website"},"primaryImageOfPage":{"@id":"https:\/\/slentreidiomas.com\/contacto\/#primaryimage"},"image":{"@id":"https:\/\/slentreidiomas.com\/contacto\/#primaryimage"},"thumbnailUrl":"https:\/\/slentreidiomas.com\/wp-content\/uploads\/2025\/04\/academia-de-idiomas-jumilla-2.webp","datePublished":"2023-09-19T22:06:14+00:00","dateModified":"2025-06-06T13:39:16+00:00","description":"\u00bfQuieres saber m\u00e1s sobre nuestros cursos y servicios? Ll\u00e1manos o escr\u00edbenos. En Entre Idiomas Jumilla, te ayudamos a alcanzar tus metas ling\u00fc\u00edsticas.","breadcrumb":{"@id":"https:\/\/slentreidiomas.com\/contacto\/#breadcrumb"},"inLanguage":"fr-FR","potentialAction":[{"@type":"ReadAction","target":["https:\/\/slentreidiomas.com\/contacto\/"]}]},{"@type":"ImageObject","inLanguage":"fr-FR","@id":"https:\/\/slentreidiomas.com\/contacto\/#primaryimage","url":"https:\/\/slentreidiomas.com\/wp-content\/uploads\/2025\/04\/academia-de-idiomas-jumilla-2.webp","contentUrl":"https:\/\/slentreidiomas.com\/wp-content\/uploads\/2025\/04\/academia-de-idiomas-jumilla-2.webp","width":2172,"height":800},{"@type":"BreadcrumbList","@id":"https:\/\/slentreidiomas.com\/contacto\/#breadcrumb","itemListElement":[{"@type":"ListItem","position":1,"name":"Portada","item":"https:\/\/slentreidiomas.com\/es\/"},{"@type":"ListItem","position":2,"name":"Contacto"}]},{"@type":"WebSite","@id":"https:\/\/slentreidiomas.com\/es\/#website","url":"https:\/\/slentreidiomas.com\/es\/","name":"ENTRE IDIOMAS","description":"Escuela de idiomas","publisher":{"@id":"https:\/\/slentreidiomas.com\/es\/#organization"},"potentialAction":[{"@type":"SearchAction","target":{"@type":"EntryPoint","urlTemplate":"https:\/\/slentreidiomas.com\/es\/?s={search_term_string}"},"query-input":{"@type":"PropertyValueSpecification","valueRequired":true,"valueName":"search_term_string"}}],"inLanguage":"fr-FR"},{"@type":"Organization","@id":"https:\/\/slentreidiomas.com\/es\/#organization","name":"ENTRE IDIOMAS","url":"https:\/\/slentreidiomas.com\/es\/","logo":{"@type":"ImageObject","inLanguage":"fr-FR","@id":"https:\/\/slentreidiomas.com\/es\/#\/schema\/logo\/image\/","url":"https:\/\/slentreidiomas.com\/wp-content\/uploads\/2025\/03\/logotipo-entre-idiomas.webp","contentUrl":"https:\/\/slentreidiomas.com\/wp-content\/uploads\/2025\/03\/logotipo-entre-idiomas.webp","width":212,"height":202,"caption":"ENTRE IDIOMAS"},"image":{"@id":"https:\/\/slentreidiomas.com\/es\/#\/schema\/logo\/image\/"}}]}},"_links":{"self":[{"href":"https:\/\/slentreidiomas.com\/fr\/wp-json\/wp\/v2\/pages\/21","targetHints":{"allow":["GET"]}}],"collection":[{"href":"https:\/\/slentreidiomas.com\/fr\/wp-json\/wp\/v2\/pages"}],"about":[{"href":"https:\/\/slentreidiomas.com\/fr\/wp-json\/wp\/v2\/types\/page"}],"author":[{"embeddable":true,"href":"https:\/\/slentreidiomas.com\/fr\/wp-json\/wp\/v2\/users\/1"}],"replies":[{"embeddable":true,"href":"https:\/\/slentreidiomas.com\/fr\/wp-json\/wp\/v2\/comments?post=21"}],"version-history":[{"count":35,"href":"https:\/\/slentreidiomas.com\/fr\/wp-json\/wp\/v2\/pages\/21\/revisions"}],"predecessor-version":[{"id":1508,"href":"https:\/\/slentreidiomas.com\/fr\/wp-json\/wp\/v2\/pages\/21\/revisions\/1508"}],"wp:featuredmedia":[{"embeddable":true,"href":"https:\/\/slentreidiomas.com\/fr\/wp-json\/wp\/v2\/media\/1357"}],"wp:attachment":[{"href":"https:\/\/slentreidiomas.com\/fr\/wp-json\/wp\/v2\/media?parent=21"}],"curies":[{"name":"wp","href":"https:\/\/api.w.org\/{rel}","templated":true}]}}