{"id":23,"date":"2023-09-20T00:06:44","date_gmt":"2023-09-19T22:06:44","guid":{"rendered":"https:\/\/slentreidiomas.com\/?page_id=23"},"modified":"2025-03-18T17:27:00","modified_gmt":"2025-03-18T16:27:00","slug":"politica-de-privacidad","status":"publish","type":"page","link":"https:\/\/slentreidiomas.com\/fr\/politica-de-privacidad\/","title":{"rendered":"Politique de confidentialit\u00e9"},"content":{"rendered":"<div data-elementor-type=\"wp-page\" data-elementor-id=\"23\" class=\"elementor elementor-23\" data-elementor-post-type=\"page\">\n\t\t\t\t<div class=\"elementor-element elementor-element-41a5610f e-flex e-con-boxed e-con e-parent\" data-id=\"41a5610f\" data-element_type=\"container\">\n\t\t\t\t\t<div class=\"e-con-inner\">\n\t\t\t\t<div class=\"elementor-element elementor-element-525f2240 elementor-widget elementor-widget-text-editor\" data-id=\"525f2240\" data-element_type=\"widget\" data-widget_type=\"text-editor.default\">\n\t\t\t\t<div class=\"elementor-widget-container\"><p>Notre objectif est de faire en sorte que vous vous sentiez \u00e0 l'aise sur notre site web. La protection de votre vie priv\u00e9e est tr\u00e8s importante pour nous. C'est pourquoi nous vous demandons de lire attentivement le r\u00e9sum\u00e9 suivant du fonctionnement de notre site web. Vous pouvez compter sur un traitement transparent et \u00e9quitable des donn\u00e9es, car nous nous effor\u00e7ons chaque jour de traiter vos donn\u00e9es de mani\u00e8re s\u00fbre, prudente et responsable.<\/p><p>Les politiques de confidentialit\u00e9 suivantes ont pour but de vous informer sur la mani\u00e8re dont nous utilisons vos informations personnelles conform\u00e9ment aux dispositions et exigences du r\u00e8glement g\u00e9n\u00e9ral europ\u00e9en sur la protection des donn\u00e9es.<\/p><h3 id=\"h-1-identificaci-n-del-responsable-del-sitio-web\" class=\"wp-block-heading\">1) Identification de la personne responsable du site web.<\/h3><ul class=\"wp-block-list\"><li><strong>Titre :<\/strong>\u00a0<strong><strong>Amelia Arenas Olivares<\/strong><\/strong><\/li><li><strong>FNI :<\/strong>\u00a077720753G<\/li><li><strong>Adresse :<\/strong>\u00a0Calle Murillo S\/N, 30520 Jumilla, Murcia, Espagne<\/li><li><strong>E-mail :<\/strong>\u00a0info@slentreidiomas.com<\/li><\/ul><h3 id=\"informacion\" class=\"wp-block-heading\">Information et consentement<\/h3><p>En lisant cette politique de confidentialit\u00e9, l'utilisateur est inform\u00e9 de la mani\u00e8re dont slentreidiomas.com recueille, traite et prot\u00e8ge les donn\u00e9es personnelles fournies \u00e0 travers les formulaires disponibles sur le site www.slentreidiomas.com (ci-apr\u00e8s, la \" politique de confidentialit\u00e9 \").<strong>Site web<\/strong>\"), ainsi que les donn\u00e9es issues de votre navigation et toute autre donn\u00e9e que vous pourriez fournir \u00e0 l'avenir \u00e0 slentreidiomas.com.<\/p><p>L'utilisateur doit lire attentivement cette politique de confidentialit\u00e9, qui a \u00e9t\u00e9 r\u00e9dig\u00e9e de mani\u00e8re claire et simple, afin de faciliter sa compr\u00e9hension, et d\u00e9terminer librement et volontairement s'il souhaite fournir ses donn\u00e9es personnelles \u00e0 slentreidiomas.com.<\/p><h3 id=\"obligacion\" class=\"wp-block-heading\">3. Obligation de fournir des donn\u00e9es<\/h3><p>Les donn\u00e9es demand\u00e9es dans les formulaires fournis sur le site Web sont, en g\u00e9n\u00e9ral, obligatoires (sauf indication contraire dans le champ requis) afin de respecter les objectifs fix\u00e9s.<\/p><p>Par cons\u00e9quent, si ces donn\u00e9es ne sont pas fournies ou ne sont pas correctes, elles ne peuvent pas \u00eatre trait\u00e9es.<\/p><h3 id=\"finalidad\" class=\"wp-block-heading\">4. dans quel but traitons-nous les donn\u00e9es \u00e0 caract\u00e8re personnel de l'utilisateur et pendant combien de temps ?<\/h3><p>Les donn\u00e9es personnelles collect\u00e9es seront trait\u00e9es par slentreidiomas.com aux fins suivantes :<\/p><ul class=\"wp-block-list\"><li>G\u00e9rer vos demandes de contact avec slentreidiomas.com par le biais des canaux pr\u00e9vus \u00e0 cet effet sur le site Web.<\/li><li>G\u00e9rer les achats effectu\u00e9s sur le site web, y compris la gestion du paiement et de la livraison de la commande.<\/li><li>G\u00e9rer l'inscription \u00e0 la lettre d'information, r\u00e9alis\u00e9e par le biais du canal fourni sur le site web slentreidiomas.com.<\/li><li>Effectuer des analyses sur l'utilisation du site Web et v\u00e9rifier les pr\u00e9f\u00e9rences et le comportement des utilisateurs.<\/li><li>G\u00e9rer l'envoi d'enqu\u00eates de satisfaction bas\u00e9es sur l'achat du produit ou du service de slentreidiomas.com, afin d'am\u00e9liorer l'exp\u00e9rience de nos clients au quotidien.<\/li><li>Analyser vos donn\u00e9es afin de cr\u00e9er des profils d'utilisateurs qui nous permettent de d\u00e9finir plus en d\u00e9tail les produits susceptibles de vous int\u00e9resser.<\/li><\/ul><p>Les donn\u00e9es seront conserv\u00e9es pendant le temps n\u00e9cessaire \u00e0 la r\u00e9alisation des objectifs pour lesquels elles ont \u00e9t\u00e9 collect\u00e9es, \u00e0 moins que l'utilisateur ne demande \u00e0 slentreidiomas.com de se d\u00e9sinscrire, de s'opposer ou de r\u00e9voquer son consentement.<\/p><h3 id=\"datos\" class=\"wp-block-heading\">5) Quelles sont les donn\u00e9es de l'utilisateur trait\u00e9es par slentreidiomas.com ?<\/h3><p>www.slentreidiomas.com traitera les cat\u00e9gories de donn\u00e9es suivantes :<\/p><p>Donn\u00e9es fournies par les int\u00e9ress\u00e9s eux-m\u00eames dans les champs ouverts des formulaires fournis sur le site web.<\/p><p>Donn\u00e9es de navigation.<\/p><p>Dans le cas o\u00f9 l'utilisateur fournit des donn\u00e9es de tiers, il d\u00e9clare avoir le consentement de ces derniers et s'engage \u00e0 transmettre \u00e0 l'int\u00e9ress\u00e9, propri\u00e9taire de ces donn\u00e9es, les informations contenues dans la politique de confidentialit\u00e9, en exon\u00e9rant slentreidiomas.com de toute responsabilit\u00e9 \u00e0 cet \u00e9gard. Cependant, slentreidiomas.com pourra effectuer les v\u00e9rifications n\u00e9cessaires pour s'en assurer, en adoptant les mesures de diligence raisonnable correspondantes, conform\u00e9ment \u00e0 la r\u00e9glementation en mati\u00e8re de protection des donn\u00e9es.<\/p><h3 id=\"cookies\" class=\"wp-block-heading\">6. Cookies, services d'analyse du web et m\u00e9dias sociaux<\/h3><p>Nous utilisons des cookies, des services d'analyse web et des plugins de m\u00e9dias sociaux sur notre site web afin d'am\u00e9liorer votre exp\u00e9rience de navigation. Pour consulter notre politique en mati\u00e8re de cookies, veuillez cliquer ici.\u00a0<a href=\"https:\/\/slentreidiomas.com\/fr\/politica-de-cookies\/\">ici<\/a>.<\/p><h3 id=\"tratamiento\" class=\"wp-block-heading\">7. Quelle est la l\u00e9gitimit\u00e9 du traitement de vos donn\u00e9es ?<\/h3><p>Le traitement des donn\u00e9es pour l'achat de produits \u00e0 travers le site Web sera n\u00e9cessaire pour l'ex\u00e9cution de la relation contractuelle entre l'utilisateur et slentreidiomas.com.<\/p><p>Le traitement de vos donn\u00e9es \u00e0 des fins de marketing, concernant les biens et services propres de slentreidiomas.com et les services similaires pour ses clients, sera bas\u00e9 sur l'int\u00e9r\u00eat l\u00e9gitime reconnu par la r\u00e9glementation lorsque l'utilisateur a achet\u00e9 des biens et\/ou des services \u00e0 slentreidiomas.com. En l'absence d'une telle relation contractuelle, le traitement des donn\u00e9es se fondera sur le consentement de l'utilisateur, conform\u00e9ment \u00e0 la r\u00e9glementation en vigueur.<\/p><p>Le traitement aux fins susmentionn\u00e9es sera toujours effectu\u00e9 avec le consentement pr\u00e9alable de l'utilisateur ou sur la base de l'int\u00e9r\u00eat l\u00e9gitime susmentionn\u00e9, et sera n\u00e9cessaire pour traiter la demande de l'utilisateur. De m\u00eame, si vous retirez votre consentement \u00e0 l'un des traitements, cela n'affectera pas la l\u00e9galit\u00e9 du traitement effectu\u00e9 pr\u00e9c\u00e9demment.<\/p><p>Para revocar dicho consentimiento, el Usuario podr\u00e1 contactar con nosotros a trav\u00e9s de nuestro email:\u00a0info@slentreidiomas.com<\/p><h3 id=\"responsabilidad\" class=\"wp-block-heading\">8. Responsabilit\u00e9 de l'utilisateur<\/h3><p>L'utilisateur :<\/p><ul class=\"wp-block-list\"><li>Vous garantissez que vous avez plus de dix-huit (18) ans et que les informations que vous fournissez \u00e0 slentreidiomas.com sont vraies, exactes, compl\u00e8tes et \u00e0 jour. \u00c0 cet effet, l'utilisateur est responsable de la v\u00e9racit\u00e9 de toutes les donn\u00e9es fournies et maintiendra l'information fournie convenablement mise \u00e0 jour, de mani\u00e8re \u00e0 ce qu'elle corresponde \u00e0 sa situation r\u00e9elle.<\/li><li>Vous garantissez que vous avez inform\u00e9 les tiers auxquels vous fournissez vos donn\u00e9es, si vous le faites, des aspects contenus dans ce document. Vous garantissez \u00e9galement que vous avez obtenu leur autorisation pour fournir leurs donn\u00e9es \u00e0 slentreidiomas.com aux fins susmentionn\u00e9es.<\/li><li>Vous serez responsable de toute information fausse ou inexacte que vous fournissez par le biais du site Web et de tout dommage, direct ou indirect, que cela pourrait causer \u00e0 slentreidiomas.com ou \u00e0 des tiers.<\/li><\/ul><h3 id=\"comunicacion\" class=\"wp-block-heading\">9. Communications commerciales et promotionnelles<\/h3><p>L'une des finalit\u00e9s du traitement par slentreidiomas.com des donn\u00e9es personnelles fournies par les utilisateurs est l'envoi de communications \u00e9lectroniques contenant des informations sur les biens, les services, les promotions, les offres, les \u00e9v\u00e9nements ou les nouvelles pertinentes pour les utilisateurs. Ces communications seront adress\u00e9es uniquement et exclusivement aux utilisateurs qui n'ont pas exprim\u00e9 leur refus de les recevoir.<\/p><p>En caso de que el usuario desee dejar de recibir comunicaciones comerciales o promocionales por parte de slentreidiomas.com, puede solicitar la baja del servicio haciendo click sobre el enlace habilitado a tales efectos en el propio cuerpo de dichas comunicaciones comerciales o bien enviando un email a la siguiente direcci\u00f3n de correo electr\u00f3nico:\u00a0info@slentreidiomas.com\u00a0as\u00ed como indicando su negativa a la recepci\u00f3n de las mismas, a trav\u00e9s de la casilla as\u00ed dispuesta en el formulario de recogida de sus datos o indic\u00e1ndolo mediante la opci\u00f3n de baja proporcionada en cada una de las comunicaciones comerciales enviadas.<\/p><h3 id=\"funcion\" class=\"wp-block-heading\">10. Utilisation de la fonction de chat \"service client\u00e8le\".<\/h3><p>L'une des possibilit\u00e9s que nous vous offrons est le \"Customer Chat\" afin de rendre notre service encore plus agr\u00e9able pour vous. Gr\u00e2ce \u00e0 ce chat, vous avez la possibilit\u00e9 de nous consulter avant d'acheter sur notre site web. L'ensemble du processus de chat se d\u00e9roule de mani\u00e8re totalement anonyme, sans que votre nom ou d'autres donn\u00e9es personnelles ne soient affich\u00e9s. Afin d'am\u00e9liorer constamment la qualit\u00e9 de notre service client\u00e8le dans le cadre du chat, nous enregistrons cet historique \u00e0 des fins d'analyse et d'am\u00e9lioration, de mani\u00e8re totalement anonyme. Ces enregistrements sont supprim\u00e9s apr\u00e8s \u00e9valuation.<\/p><h3 id=\"ejercicio-derechos\" class=\"wp-block-heading\">11. Exercice des droits<\/h3><p>El usuario puede enviar un escrito a slentreidiomas.com, por medio de un correo electr\u00f3nico a la direcci\u00f3n\u00a0info@slentreidiomas.com, adjuntando fotocopia de su documento de identidad, en cualquier momento y de manera gratuita, para:<\/p><ul class=\"wp-block-list\"><li>R\u00e9voquer les autorisations accord\u00e9es.<\/li><li>Obtenir la confirmation que slentreidiomas.com traite ou non des donn\u00e9es personnelles concernant l'utilisateur.<\/li><li>Acc\u00e9der \u00e0 vos donn\u00e9es personnelles.<\/li><li>Rectifier les donn\u00e9es inexactes ou incompl\u00e8tes.<\/li><li>Demander la suppression de vos donn\u00e9es lorsque, entre autres raisons, les donn\u00e9es ne sont plus n\u00e9cessaires aux fins pour lesquelles elles ont \u00e9t\u00e9 collect\u00e9es.<\/li><li>Obtenir de slentreidiomas.com la limitation du traitement des donn\u00e9es lorsque l'une des conditions pr\u00e9vues par la r\u00e9glementation sur la protection des donn\u00e9es est remplie.<\/li><li>Pour obtenir une intervention humaine, pour exprimer votre point de vue et pour contester les d\u00e9cisions automatis\u00e9es prises par slentreidiomas.com.<\/li><li>Demander la portabilit\u00e9 de vos donn\u00e9es.<\/li><li>Ponerse en contacto con el DPO de slentreidiomas.com a trav\u00e9s de la siguiente direcci\u00f3n:\u00a0info@slentreidiomas.com<\/li><li>D\u00e9poser une plainte concernant la protection de leurs donn\u00e9es personnelles lorsque l'int\u00e9ress\u00e9 consid\u00e8re que slentreidiomas.com a viol\u00e9 les droits qui lui sont reconnus par la r\u00e9glementation applicable en mati\u00e8re de protection des donn\u00e9es.<\/li><\/ul><h3 id=\"medidas\" class=\"wp-block-heading\">12. Mesures de s\u00e9curit\u00e9<\/h3><p>slentreidiomas.com traitera les donn\u00e9es de l'utilisateur \u00e0 tout moment de mani\u00e8re absolument confidentielle et les gardera secr\u00e8tes, conform\u00e9ment aux dispositions de la r\u00e9glementation applicable, en adoptant \u00e0 cette fin les mesures techniques et organisationnelles n\u00e9cessaires pour garantir la s\u00e9curit\u00e9 de vos donn\u00e9es et emp\u00eacher leur alt\u00e9ration, perte, traitement ou acc\u00e8s non autoris\u00e9, en tenant compte de l'\u00e9tat de la technologie, de la nature des donn\u00e9es stock\u00e9es et des risques auxquels elles sont expos\u00e9es.<\/p><h3 id=\"cambios-privacidad\" class=\"wp-block-heading\">13. Modifications de la politique de confidentialit\u00e9<\/h3><p>Afin de garantir que nos lignes directrices en mati\u00e8re de protection des donn\u00e9es soient toujours conformes aux exigences l\u00e9gales actuelles, nous nous r\u00e9servons le droit d'apporter des modifications pour nous assurer que nous sommes toujours en phase avec la l\u00e9gislation en vigueur.<\/p><\/div>\n\t\t\t\t<\/div>\n\t\t\t\t\t<\/div>\n\t\t\t\t<\/div>\t\t<\/div>","protected":false},"excerpt":{"rendered":"<p>Nuestro objetivo es que te sientas c\u00f3modo en nuestro sitio web. La protecci\u00f3n de tu privacidad es muy importante para nosotros. Por lo tanto, nos gustar\u00eda pedirte que leas detenidamente el siguiente resumen sobre c\u00f3mo funciona nuestro sitio web. Puedes confiar en un procesamiento de datos transparente y justo ya que nos esforzamos d\u00eda a [&hellip;]<\/p>","protected":false},"author":1,"featured_media":0,"parent":0,"menu_order":0,"comment_status":"closed","ping_status":"closed","template":"elementor_theme","meta":{"_acf_changed":false,"inline_featured_image":false,"footnotes":""},"class_list":["post-23","page","type-page","status-publish","hentry"],"acf":[],"yoast_head":"<!-- This site is optimized with the Yoast SEO plugin v25.2 - https:\/\/yoast.com\/wordpress\/plugins\/seo\/ -->\n<title>Pol\u00edtica de privacidad<\/title>\n<meta name=\"description\" content=\"Pol\u00edtica de privacidad.\" \/>\n<meta name=\"robots\" content=\"noindex, nofollow\" \/>\n<meta property=\"og:locale\" content=\"fr_FR\" \/>\n<meta property=\"og:type\" content=\"article\" \/>\n<meta property=\"og:title\" content=\"Pol\u00edtica de privacidad\" \/>\n<meta property=\"og:description\" content=\"Pol\u00edtica de privacidad.\" \/>\n<meta property=\"og:url\" content=\"https:\/\/slentreidiomas.com\/fr\/politica-de-privacidad\/\" \/>\n<meta property=\"og:site_name\" content=\"ENTRE IDIOMAS\" \/>\n<meta property=\"article:modified_time\" content=\"2025-03-18T16:27:00+00:00\" \/>\n<meta name=\"twitter:card\" content=\"summary_large_image\" \/>\n<meta name=\"twitter:label1\" content=\"Dur\u00e9e de lecture estim\u00e9e\" \/>\n\t<meta name=\"twitter:data1\" content=\"7 minutes\" \/>\n<script type=\"application\/ld+json\" class=\"yoast-schema-graph\">{\"@context\":\"https:\/\/schema.org\",\"@graph\":[{\"@type\":\"WebPage\",\"@id\":\"https:\/\/slentreidiomas.com\/politica-de-privacidad\/\",\"url\":\"https:\/\/slentreidiomas.com\/politica-de-privacidad\/\",\"name\":\"Pol\u00edtica de privacidad\",\"isPartOf\":{\"@id\":\"https:\/\/slentreidiomas.com\/es\/#website\"},\"datePublished\":\"2023-09-19T22:06:44+00:00\",\"dateModified\":\"2025-03-18T16:27:00+00:00\",\"description\":\"Pol\u00edtica de privacidad.\",\"breadcrumb\":{\"@id\":\"https:\/\/slentreidiomas.com\/politica-de-privacidad\/#breadcrumb\"},\"inLanguage\":\"fr-FR\",\"potentialAction\":[{\"@type\":\"ReadAction\",\"target\":[\"https:\/\/slentreidiomas.com\/politica-de-privacidad\/\"]}]},{\"@type\":\"BreadcrumbList\",\"@id\":\"https:\/\/slentreidiomas.com\/politica-de-privacidad\/#breadcrumb\",\"itemListElement\":[{\"@type\":\"ListItem\",\"position\":1,\"name\":\"Portada\",\"item\":\"https:\/\/slentreidiomas.com\/es\/\"},{\"@type\":\"ListItem\",\"position\":2,\"name\":\"Pol\u00edtica de privacidad\"}]},{\"@type\":\"WebSite\",\"@id\":\"https:\/\/slentreidiomas.com\/es\/#website\",\"url\":\"https:\/\/slentreidiomas.com\/es\/\",\"name\":\"ENTRE IDIOMAS\",\"description\":\"Escuela de idiomas\",\"publisher\":{\"@id\":\"https:\/\/slentreidiomas.com\/es\/#organization\"},\"potentialAction\":[{\"@type\":\"SearchAction\",\"target\":{\"@type\":\"EntryPoint\",\"urlTemplate\":\"https:\/\/slentreidiomas.com\/es\/?s={search_term_string}\"},\"query-input\":{\"@type\":\"PropertyValueSpecification\",\"valueRequired\":true,\"valueName\":\"search_term_string\"}}],\"inLanguage\":\"fr-FR\"},{\"@type\":\"Organization\",\"@id\":\"https:\/\/slentreidiomas.com\/es\/#organization\",\"name\":\"ENTRE IDIOMAS\",\"url\":\"https:\/\/slentreidiomas.com\/es\/\",\"logo\":{\"@type\":\"ImageObject\",\"inLanguage\":\"fr-FR\",\"@id\":\"https:\/\/slentreidiomas.com\/es\/#\/schema\/logo\/image\/\",\"url\":\"https:\/\/slentreidiomas.com\/wp-content\/uploads\/2025\/03\/logotipo-entre-idiomas.webp\",\"contentUrl\":\"https:\/\/slentreidiomas.com\/wp-content\/uploads\/2025\/03\/logotipo-entre-idiomas.webp\",\"width\":212,\"height\":202,\"caption\":\"ENTRE IDIOMAS\"},\"image\":{\"@id\":\"https:\/\/slentreidiomas.com\/es\/#\/schema\/logo\/image\/\"}}]}<\/script>\n<!-- \/ Yoast SEO plugin. -->","yoast_head_json":{"title":"Pol\u00edtica de privacidad","description":"Pol\u00edtica de privacidad.","robots":{"index":"noindex","follow":"nofollow"},"og_locale":"fr_FR","og_type":"article","og_title":"Pol\u00edtica de privacidad","og_description":"Pol\u00edtica de privacidad.","og_url":"https:\/\/slentreidiomas.com\/fr\/politica-de-privacidad\/","og_site_name":"ENTRE IDIOMAS","article_modified_time":"2025-03-18T16:27:00+00:00","twitter_card":"summary_large_image","twitter_misc":{"Dur\u00e9e de lecture estim\u00e9e":"7 minutes"},"schema":{"@context":"https:\/\/schema.org","@graph":[{"@type":"WebPage","@id":"https:\/\/slentreidiomas.com\/politica-de-privacidad\/","url":"https:\/\/slentreidiomas.com\/politica-de-privacidad\/","name":"Pol\u00edtica de privacidad","isPartOf":{"@id":"https:\/\/slentreidiomas.com\/es\/#website"},"datePublished":"2023-09-19T22:06:44+00:00","dateModified":"2025-03-18T16:27:00+00:00","description":"Pol\u00edtica de privacidad.","breadcrumb":{"@id":"https:\/\/slentreidiomas.com\/politica-de-privacidad\/#breadcrumb"},"inLanguage":"fr-FR","potentialAction":[{"@type":"ReadAction","target":["https:\/\/slentreidiomas.com\/politica-de-privacidad\/"]}]},{"@type":"BreadcrumbList","@id":"https:\/\/slentreidiomas.com\/politica-de-privacidad\/#breadcrumb","itemListElement":[{"@type":"ListItem","position":1,"name":"Portada","item":"https:\/\/slentreidiomas.com\/es\/"},{"@type":"ListItem","position":2,"name":"Pol\u00edtica de privacidad"}]},{"@type":"WebSite","@id":"https:\/\/slentreidiomas.com\/es\/#website","url":"https:\/\/slentreidiomas.com\/es\/","name":"ENTRE IDIOMAS","description":"Escuela de idiomas","publisher":{"@id":"https:\/\/slentreidiomas.com\/es\/#organization"},"potentialAction":[{"@type":"SearchAction","target":{"@type":"EntryPoint","urlTemplate":"https:\/\/slentreidiomas.com\/es\/?s={search_term_string}"},"query-input":{"@type":"PropertyValueSpecification","valueRequired":true,"valueName":"search_term_string"}}],"inLanguage":"fr-FR"},{"@type":"Organization","@id":"https:\/\/slentreidiomas.com\/es\/#organization","name":"ENTRE IDIOMAS","url":"https:\/\/slentreidiomas.com\/es\/","logo":{"@type":"ImageObject","inLanguage":"fr-FR","@id":"https:\/\/slentreidiomas.com\/es\/#\/schema\/logo\/image\/","url":"https:\/\/slentreidiomas.com\/wp-content\/uploads\/2025\/03\/logotipo-entre-idiomas.webp","contentUrl":"https:\/\/slentreidiomas.com\/wp-content\/uploads\/2025\/03\/logotipo-entre-idiomas.webp","width":212,"height":202,"caption":"ENTRE IDIOMAS"},"image":{"@id":"https:\/\/slentreidiomas.com\/es\/#\/schema\/logo\/image\/"}}]}},"_links":{"self":[{"href":"https:\/\/slentreidiomas.com\/fr\/wp-json\/wp\/v2\/pages\/23","targetHints":{"allow":["GET"]}}],"collection":[{"href":"https:\/\/slentreidiomas.com\/fr\/wp-json\/wp\/v2\/pages"}],"about":[{"href":"https:\/\/slentreidiomas.com\/fr\/wp-json\/wp\/v2\/types\/page"}],"author":[{"embeddable":true,"href":"https:\/\/slentreidiomas.com\/fr\/wp-json\/wp\/v2\/users\/1"}],"replies":[{"embeddable":true,"href":"https:\/\/slentreidiomas.com\/fr\/wp-json\/wp\/v2\/comments?post=23"}],"version-history":[{"count":10,"href":"https:\/\/slentreidiomas.com\/fr\/wp-json\/wp\/v2\/pages\/23\/revisions"}],"predecessor-version":[{"id":1280,"href":"https:\/\/slentreidiomas.com\/fr\/wp-json\/wp\/v2\/pages\/23\/revisions\/1280"}],"wp:attachment":[{"href":"https:\/\/slentreidiomas.com\/fr\/wp-json\/wp\/v2\/media?parent=23"}],"curies":[{"name":"wp","href":"https:\/\/api.w.org\/{rel}","templated":true}]}}